{"id":62210,"date":"2026-04-21T11:14:24","date_gmt":"2026-04-21T08:14:24","guid":{"rendered":"https:\/\/aluksne.lv\/?page_id=62210"},"modified":"2026-04-21T12:09:25","modified_gmt":"2026-04-21T09:09:25","slug":"patvertnes","status":"publish","type":"page","link":"https:\/\/aluksne.lv\/index.php\/pasvaldiba\/civilas-aizsardzibas-plans\/patvertnes\/","title":{"rendered":"Patvertnes"},"content":{"rendered":"<h2><strong>Patvertnes<\/strong><\/h2>\n<p>&nbsp;<\/p>\n<p>Patvertne \u2013 vieta kur\u0101 \u012bslaic\u012bgi patverties noz\u012bm\u012bga apdraud\u0113juma gad\u012bjum\u0101, parasti izvietota da\u017e\u0101du b\u016bvju pagrabst\u0101vos, pazemes st\u0101vos, piem\u0113ram, dz\u012bvojamo m\u0101ju pagrabos. Patvertnes darb\u012bbas zona l\u012bdz 300 m r\u0101dius\u0101 ap patvertni.<\/p>\n<p>&nbsp;<\/p>\n<p>Patvertnes iedala \u0161\u0101d\u0101s kategorij\u0101s:<\/p>\n<p>I kategorija \u2013 patvertnes aizsardz\u012bbai no spr\u0101dziena triecienvi\u013c\u0146a, \u0137\u012bmisko kaujas vielu, joniz\u0113jo\u0161\u0101 starojuma un radioakt\u012bvo putek\u013cu iedarb\u012bbas, \u0161\u0137emb\u0101m;<\/p>\n<p>II kategorija \u2013 patvertnes aizsardz\u012bbai no spr\u0101dziena triecienvi\u013c\u0146a un \u0161\u0137emb\u0101m;<\/p>\n<p><strong>III kategorija \u2013 patvertnes, kas izveidotas, piel\u0101gojot b\u016bves vai to da\u013cas, un mazina ietekmi no spr\u0101dziena triecienvi\u013c\u0146a, \u0161\u0137emb\u0101m.<\/strong><\/p>\n<p>&nbsp;<\/p>\n<p>2024. gad\u0101 Al\u016bksnes novada teritorij\u0101 tika veikta pa\u0161vald\u012bbas \u012bpa\u0161um\u0101 eso\u0161o publisko \u0113ku apseko\u0161ana ar m\u0113r\u0137i apzin\u0101t iesp\u0113jas telpu piel\u0101go\u0161anai civil\u0101s aizsardz\u012bbas 3. kategorijas patvert\u0146u vajadz\u012bb\u0101m.<\/p>\n<p>Kop\u0101 apsekotas vismaz 53 \u0113kas, no t\u0101m 6 \u0113k\u0101s telpas atz\u012btas par da\u013c\u0113ji atbilsto\u0161\u0101m patvertn\u0113m izvirz\u012btaj\u0101m minim\u0101laj\u0101m tehniskaj\u0101m pras\u012bb\u0101m. Uz \u0161\u012bm \u0113k\u0101m ir izvietota z\u012bme \u201cPatvertne\u201d (skat\u012bt att\u0113lu), kas noz\u012bm\u0113, ka past\u0101vot apdraud\u0113jumam \u2013 dabas katastrofai vai milit\u0101rajam uzbrukumam, \u0161\u012b patvertne b\u016bs publiski pieejama.<\/p>\n<p><a href=\"https:\/\/aluksne.lv\/wp-content\/uploads\/2026\/04\/patvertne.png\"><img loading=\"lazy\" decoding=\"async\" class=\"aligncenter wp-image-62197 size-full\" src=\"https:\/\/aluksne.lv\/wp-content\/uploads\/2026\/04\/patvertne.png\" alt=\"Za\u013ca z\u012bme ar dzeltenu vairogu, kur\u0101 att\u0113lota m\u0101jas jumta l\u012bnija un \u010detras stiliz\u0113tas cilv\u0113ku fig\u016bras. Apak\u0161\u0101 dzelten\u0101 kr\u0101s\u0101 uzraksts &quot;PATVERTNE&quot;.\" width=\"219\" height=\"289\" \/><\/a><\/p>\n<p style=\"text-align: center;\"><em>Att\u0113ls. Patvertnes z\u012bme<\/em><\/p>\n<p>Mar\u0137\u0113t\u0101s patvertnes pl\u0101nots apr\u012bkot atbilsto\u0161i pieejamam finans\u0113jumam, saska\u0146\u0101 ar VUGD izstr\u0101d\u0101taj\u0101m vadl\u012bnij\u0101m (rekomend\u0101cij\u0101m) par minim\u0101laj\u0101m pras\u012bb\u0101m III kategorijas patvertnes ier\u012bko\u0161anai.<\/p>\n<p>Ikdien\u0101, kad nepast\u0101v apdraud\u0113jums, patvertnes nav publiski pieejamas, ja vien to neparedz \u0113kas un konkr\u0113to telpu uzdevumi.<\/p>\n<p>&nbsp;<\/p>\n<p><span style=\"font-size: 12pt;\"><strong>Svar\u012bgi!<\/strong><\/span><\/p>\n<p>Apdraud\u0113juma situ\u0101cij\u0101 iedz\u012bvot\u0101ji tiek aicin\u0101ti mekl\u0113t patv\u0113rumu sev tuv\u0101kaj\u0101 apkaim\u0113, b\u016bvju un dz\u012bvojamo m\u0101ju pagrabst\u0101vos, k\u0101 ar\u012b viet\u0101s telp\u0101s, kur starp personu un \u0113kas \u0101rpusi ir vismaz divas sienas u.tml.<\/p>\n<p>&nbsp;<\/p>\n<p>Patvertnes var tikt izvietotas ne tikai valsts un pa\u0161vald\u012bbu, bet ar\u012b juridisk\u0101m vai fizisk\u0101m person\u0101m piedero\u0161\u0101s \u0113k\u0101s, kuru telpas vai telpu grupas atbilst vai da\u013c\u0113ji atbilst patvertn\u0113m izvirz\u012btaj\u0101m minim\u0101laj\u0101m tehniskaj\u0101m pras\u012bb\u0101m.<\/p>\n<p>\u0145emot v\u0113r\u0101 patvert\u0146u mazo kapacit\u0101ti Al\u016bksnes novad\u0101, aicin\u0101m ikvienu iedz\u012bvot\u0101ju un uz\u0146\u0113m\u0113ju p\u0101rbaud\u012bt sav\u0101 \u012bpa\u0161um\u0101 eso\u0161\u0101s telpas (piem\u0113ram, pagrabst\u0101vu vai pazemes st\u0101vu), vai t\u0101s atbilst <a href=\"https:\/\/www.vugd.gov.lv\/lv\/media\/9063\/download?attachment\">minim\u0101laj\u0101m pras\u012bb\u0101m<\/a>, lai vajadz\u012bbas gad\u012bjum\u0101 telpas var\u0113tu izmantot patv\u0113rumam.<\/p>\n<p>Daudzdz\u012bvok\u013cu namu iedz\u012bvot\u0101jus aicin\u0101m iek\u013caut dz\u012bvok\u013cu \u012bpa\u0161nieku sapulces darba k\u0101rt\u012bb\u0101 jaut\u0101jumu par pagraba individu\u0101lo un koplieto\u0161anas telpu atbr\u012bvo\u0161anu no nevajadz\u012bg\u0101m mant\u0101m, k\u0101 ar\u012b organiz\u0113t \u0161o telpu atbilst\u012bbas nov\u0113rt\u0113\u0161anu patvertnes vajadz\u012bb\u0101m.<\/p>\n<p>Ja daudzdz\u012bvok\u013cu dz\u012bvojam\u0101s m\u0101jas iedz\u012bvot\u0101ji vai komersantu \u012bpa\u0161um\u0101 eso\u0161as \u0113kas \u012bpa\u0161nieki piekr\u012bt, ka vi\u0146u \u012bpa\u0161um\u0101 eso\u0161\u0101s \u0113kas patvertne var\u0113tu b\u016bt publiski pieejama, aicin\u0101m sazin\u0101ties ar pa\u0161vald\u012bbu, kas sadarb\u012bb\u0101 ar VUGD organiz\u0113s \u0161o telpu apseko\u0161anu un nov\u0113rt\u0113\u0161anu.<\/p>\n<p><strong>Atg\u0101din\u0101m, ka inform\u0101cija par vis\u0101m Latvijas teritorij\u0101 izvietotaj\u0101m patvertn\u0113m ir pieejama mobilaj\u0101 lietotn\u0113 \u201c112 Latvija\u201d \u2013 aicin\u0101m to lejupiel\u0101d\u0113t savos mobilajos viedt\u0101lru\u0146os!<\/strong><\/p>\n<p>&nbsp;<\/p>\n<h3><strong>Patvertnes izmanto\u0161anas galvenie noteikumi<\/strong><\/h3>\n<p>&nbsp;<\/p>\n<p>Patvertn\u0113 personas ierodas p\u0113c tam, kad t\u0101s par \u0161\u0101das r\u012bc\u012bbas nepiecie\u0161am\u012bbu ir sa\u0146\u0113mu\u0161as inform\u0101ciju, kas izzi\u0146ota atbilsto\u0161i valst\u012b noteiktajai k\u0101rt\u012bbai, l\u012bdzi \u0146emot \u0101rk\u0101rtas gad\u012bjumu somu (ja tas ir iesp\u0113jams).<\/p>\n<p><strong>Personas, kuras ieradu\u0161\u0101s patvertn\u0113:<\/strong><\/p>\n<ul>\n<li>pal\u012bdz patvertn\u0113 iek\u013c\u016bt cit\u0101m person\u0101m, kuru fiziskais st\u0101voklis to ne\u013cauj izdar\u012bt patst\u0101v\u012bgi;<\/li>\n<li>savstarp\u0113ji vienojoties, izvietojas t\u0101m nor\u0101d\u012btaj\u0101s viet\u0101s;<\/li>\n<li>netrok\u0161\u0146o un sarun\u0101jas klusi;<\/li>\n<li>iev\u0113ro ugunsdro\u0161\u012bbas un elektrodro\u0161\u012bbas noteikumus;<\/li>\n<li>ar cie\u0146u izturas pret vis\u0101m person\u0101m, kuras atrodas patvertn\u0113;<\/li>\n<li>izvair\u0101s no jebk\u0101das r\u012bc\u012bbas, kas var izrais\u012bt konfliktsitu\u0101cijas;<\/li>\n<li>atbilsto\u0161i sav\u0101m sp\u0113j\u0101m sniedz nepiecie\u0161amo atbalstu cit\u0101m patvertn\u0113 eso\u0161aj\u0101m person\u0101m (piem\u0113ram, b\u0113rniem un inval\u012bdiem).<\/li>\n<\/ul>\n<p><strong>Patvertni personas atst\u0101j:<\/strong><\/p>\n<ul>\n<li>p\u0113c atbild\u012bgo dienestu pazi\u0146ojuma sa\u0146em\u0161anas, kas at\u013cauj \u0161\u0101du r\u012bc\u012bbu;<\/li>\n<li>izv\u0113rt\u0113jot situ\u0101ciju, bet ne \u0101tr\u0101k k\u0101 10 min\u016btes no p\u0113d\u0113j\u0101 spr\u0101dziena br\u012b\u017ea;<\/li>\n<li>aiz sevis sav\u0101cot visus sadz\u012bves atkritumus.<\/li>\n<\/ul>\n<p><strong>Iek\u013c\u016b\u0161ana patvertn\u0113 var tikt liegta:<\/strong><\/p>\n<ul>\n<li>person\u0101m, kuras uzvedas neadekv\u0101ti vai demonstr\u0113 klaju agresivit\u0101ti, kas dod pamatu uzskat\u012bt, ka t\u0101s var nodar\u012bt kait\u0113jumu patvertn\u0113 eso\u0161aj\u0101m person\u0101m;<\/li>\n<li>person\u0101m ar m\u0101jdz\u012bvniekiem (iz\u0146emot dienesta su\u0146us un su\u0146us-pavado\u0146us).<\/li>\n<\/ul>\n<p>&nbsp;<\/p>\n<h3>Patvertnes Al\u016bksnes novad\u0101<\/h3>\n<p><div id=\"attachment_62198\" style=\"width: 160px\" class=\"wp-caption alignleft\"><a href=\"https:\/\/aluksne.lv\/wp-content\/uploads\/2026\/04\/IMG-20260414-WA0004.jpg\"><img loading=\"lazy\" decoding=\"async\" aria-describedby=\"caption-attachment-62198\" class=\"wp-image-62198 size-thumbnail aligncenter\" src=\"https:\/\/aluksne.lv\/wp-content\/uploads\/2026\/04\/IMG-20260414-WA0004-150x150.jpg\" alt=\"\u0112kas ieeja ar div\u0101m balt\u0101m durv\u012bm. Uz kreisaj\u0101m durv\u012bm ir za\u013ca z\u012bme ar uzrakstu &quot;Patvertne&quot;. Priek\u0161pl\u0101n\u0101 bru\u0123\u0113ts laukums ar soli\u0146u, atkritumu urnu un diviem velosip\u0113diem.\" width=\"150\" height=\"150\" srcset=\"https:\/\/aluksne.lv\/wp-content\/uploads\/2026\/04\/IMG-20260414-WA0004-150x150.jpg 150w, https:\/\/aluksne.lv\/wp-content\/uploads\/2026\/04\/IMG-20260414-WA0004-60x60.jpg 60w, https:\/\/aluksne.lv\/wp-content\/uploads\/2026\/04\/IMG-20260414-WA0004-375x375.jpg 375w\" sizes=\"auto, (max-width: 150px) 100vw, 150px\" \/><\/a><p id=\"caption-attachment-62198\" class=\"wp-caption-text\">Ernsta Glika Al\u016bksnes Valsts \u0123imn\u0101zija, Glika iela 10, Al\u016bksne<\/p><\/div> <div id=\"attachment_62199\" style=\"width: 160px\" class=\"wp-caption alignleft\"><a href=\"https:\/\/aluksne.lv\/wp-content\/uploads\/2026\/04\/20260410_142948-scaled.jpg\"><img loading=\"lazy\" decoding=\"async\" aria-describedby=\"caption-attachment-62199\" class=\"wp-image-62199 size-thumbnail\" src=\"https:\/\/aluksne.lv\/wp-content\/uploads\/2026\/04\/20260410_142948-150x150.jpg\" alt=\"Divst\u0101vu \u0137ie\u0123e\u013cu \u0113ka ar daudziem baltiem logiem saulain\u0101 dien\u0101. Pie \u0113kas pamatiem ir ieeja pagrabst\u0101v\u0101, virs kuras redzama za\u013ca uzl\u012bme &quot;Patvertne&quot;.\" width=\"150\" height=\"150\" srcset=\"https:\/\/aluksne.lv\/wp-content\/uploads\/2026\/04\/20260410_142948-150x150.jpg 150w, https:\/\/aluksne.lv\/wp-content\/uploads\/2026\/04\/20260410_142948-60x60.jpg 60w, https:\/\/aluksne.lv\/wp-content\/uploads\/2026\/04\/20260410_142948-375x375.jpg 375w\" sizes=\"auto, (max-width: 150px) 100vw, 150px\" \/><\/a><p id=\"caption-attachment-62199\" class=\"wp-caption-text\">Al\u016bksnes novada Soci\u0101lo lietu p\u0101rvalde, Uzvaras iela 1, Al\u016bksne<\/p><\/div> <div id=\"attachment_62200\" style=\"width: 160px\" class=\"wp-caption alignleft\"><a href=\"https:\/\/aluksne.lv\/wp-content\/uploads\/2026\/04\/20260410_143342-scaled.jpg\"><img loading=\"lazy\" decoding=\"async\" aria-describedby=\"caption-attachment-62200\" class=\"wp-image-62200 size-thumbnail\" src=\"https:\/\/aluksne.lv\/wp-content\/uploads\/2026\/04\/20260410_143342-150x150.jpg\" alt=\"Gai\u0161as \u0113kas ieeja ar pla\u0161\u0101m k\u0101pn\u0113m, kas ved uz pel\u0113k\u0101m durv\u012bm zem sarkanbr\u016bnas jumta nojumes. Kreisaj\u0101 pus\u0113 ir bru\u0123\u0113ta piebrauktuve ar nok\u0101pienu uz pagrabst\u0101va ieeju, kur pie sienas ir za\u013ca z\u012bme ar uzrakstu &quot;Patvertne&quot;.\" width=\"150\" height=\"150\" srcset=\"https:\/\/aluksne.lv\/wp-content\/uploads\/2026\/04\/20260410_143342-150x150.jpg 150w, https:\/\/aluksne.lv\/wp-content\/uploads\/2026\/04\/20260410_143342-60x60.jpg 60w, https:\/\/aluksne.lv\/wp-content\/uploads\/2026\/04\/20260410_143342-375x375.jpg 375w\" sizes=\"auto, (max-width: 150px) 100vw, 150px\" \/><\/a><p id=\"caption-attachment-62200\" class=\"wp-caption-text\">Al\u016bksnes novada Kult\u016bras centrs, Br\u016b\u017ea iela 7, Al\u016bksne<\/p><\/div> <div id=\"attachment_62201\" style=\"width: 160px\" class=\"wp-caption alignleft\"><a href=\"https:\/\/aluksne.lv\/wp-content\/uploads\/2026\/04\/IMG-20260414-WA0006-scaled.jpg\"><img loading=\"lazy\" decoding=\"async\" aria-describedby=\"caption-attachment-62201\" class=\"size-thumbnail wp-image-62201\" src=\"https:\/\/aluksne.lv\/wp-content\/uploads\/2026\/04\/IMG-20260414-WA0006-150x150.jpg\" alt=\"Veca, mas\u012bva akmens \u0113ka ar sarkanu daksti\u0146u jumtu, div\u0101m arku durv\u012bm zemes l\u012bmen\u012b un aizdarin\u0101tu arku logu virs t\u0101m. Priek\u0161pl\u0101n\u0101 bru\u0123\u0113ts piebraucamais ce\u013c\u0161, fon\u0101 \u2013 maz\u0101ka m\u0101ja un kaili koki zem zilas debess.\" width=\"150\" height=\"150\" srcset=\"https:\/\/aluksne.lv\/wp-content\/uploads\/2026\/04\/IMG-20260414-WA0006-150x150.jpg 150w, https:\/\/aluksne.lv\/wp-content\/uploads\/2026\/04\/IMG-20260414-WA0006-60x60.jpg 60w, https:\/\/aluksne.lv\/wp-content\/uploads\/2026\/04\/IMG-20260414-WA0006-375x375.jpg 375w\" sizes=\"auto, (max-width: 150px) 100vw, 150px\" \/><\/a><p id=\"caption-attachment-62201\" class=\"wp-caption-text\">Jaunlaicenes Tautas nams, \u201cL\u012bgot\u0146i 3\u201d, Jaunlaicene, Jaunlaicenes pagasts<\/p><\/div> <div id=\"attachment_62202\" style=\"width: 160px\" class=\"wp-caption alignleft\"><a href=\"https:\/\/aluksne.lv\/wp-content\/uploads\/2026\/04\/IMG-20260414-WA0007-scaled.jpg\"><img loading=\"lazy\" decoding=\"async\" aria-describedby=\"caption-attachment-62202\" class=\"size-thumbnail wp-image-62202\" src=\"https:\/\/aluksne.lv\/wp-content\/uploads\/2026\/04\/IMG-20260414-WA0007-150x150.jpg\" alt=\"Divst\u0101vu \u0113ka ar gai\u0161i b\u0113\u0161u apmestu da\u013cu kreisaj\u0101 pus\u0113 un sarkanu \u0137ie\u0123e\u013cu da\u013cu labaj\u0101 pus\u0113. Uz apmest\u0101s sienas, kur\u0101 ir \u010detri logi, kr\u012bt koku \u0113nas. Pa apmetu\u0161\u0101s sienas vidu stiepjas br\u016bna caurule, kas ved uz lielu baltu maisu un maz\u0101m koka durv\u012bm. \u0136ie\u0123e\u013cu sien\u0101 ir br\u016bnas durvis. Fon\u0101 redzami kaili koki, z\u0101\u013cains pakalns un citas \u0113kas zem skaidri zil\u0101m debes\u012bm.\" width=\"150\" height=\"150\" srcset=\"https:\/\/aluksne.lv\/wp-content\/uploads\/2026\/04\/IMG-20260414-WA0007-150x150.jpg 150w, https:\/\/aluksne.lv\/wp-content\/uploads\/2026\/04\/IMG-20260414-WA0007-60x60.jpg 60w, https:\/\/aluksne.lv\/wp-content\/uploads\/2026\/04\/IMG-20260414-WA0007-375x375.jpg 375w\" sizes=\"auto, (max-width: 150px) 100vw, 150px\" \/><\/a><p id=\"caption-attachment-62202\" class=\"wp-caption-text\">M\u0101ri\u0146kalna Tautas nams, \u201cL\u012bksmes\u201d, M\u0101ri\u0146kalns, Ziemera pagasts<\/p><\/div> <div id=\"attachment_62214\" style=\"width: 160px\" class=\"wp-caption alignleft\"><a style=\"font-weight: bold; text-align: center;\" href=\"https:\/\/aluksne.lv\/wp-content\/uploads\/2026\/04\/IMG-20260408-WA0001.jpg\"><img loading=\"lazy\" decoding=\"async\" aria-describedby=\"caption-attachment-62214\" class=\"wp-image-62214 size-thumbnail\" src=\"https:\/\/aluksne.lv\/wp-content\/uploads\/2026\/04\/IMG-20260408-WA0001-150x150.jpg\" alt=\"Gai\u0161i dzeltena \u0113ka ar sarkanu met\u0101la jumtu un br\u016bn\u0101m durv\u012bm kreisaj\u0101 pus\u0113. Sien\u0101 ir arkveida logs, rombveida logs un tuk\u0161s taisnst\u016brveida r\u0101mis. St\u016bris dekor\u0113ts ar sarkanbr\u016bniem akme\u0146iem. Priek\u0161pl\u0101n\u0101 z\u0101le un bru\u0123\u0113ta taka gar \u0113kas pamatiem.\" width=\"150\" height=\"150\" srcset=\"https:\/\/aluksne.lv\/wp-content\/uploads\/2026\/04\/IMG-20260408-WA0001-150x150.jpg 150w, https:\/\/aluksne.lv\/wp-content\/uploads\/2026\/04\/IMG-20260408-WA0001-60x60.jpg 60w, https:\/\/aluksne.lv\/wp-content\/uploads\/2026\/04\/IMG-20260408-WA0001-375x375.jpg 375w\" sizes=\"auto, (max-width: 150px) 100vw, 150px\" \/><\/a><p id=\"caption-attachment-62214\" class=\"wp-caption-text\">M\u0101lupes Saieta nams, \u201cAustri\u0146i\u201d, M\u0101lupe, M\u0101lupes pagasts<\/p><\/div><\/p>\n<p>&nbsp;<\/p>\n","protected":false},"excerpt":{"rendered":"<p>Patvertnes &nbsp; Patvertne \u2013 vieta kur\u0101 \u012bslaic\u012bgi patverties noz\u012bm\u012bga apdraud\u0113juma gad\u012bjum\u0101, parasti izvietota da\u017e\u0101du b\u016bvju pagrabst\u0101vos, pazemes st\u0101vos, piem\u0113ram, dz\u012bvojamo m\u0101ju pagrabos. Patvertnes darb\u012bbas zona l\u012bdz 300 m r\u0101dius\u0101 ap patvertni. &nbsp; Patvertnes iedala \u0161\u0101d\u0101s kategorij\u0101s: I kategorija \u2013 patvertnes&#8230;<br \/><a class=\"read-more-button\" href=\"https:\/\/aluksne.lv\/index.php\/pasvaldiba\/civilas-aizsardzibas-plans\/patvertnes\/\">Las\u012bt visu<\/a><\/p>\n","protected":false},"author":1,"featured_media":0,"parent":583,"menu_order":0,"comment_status":"closed","ping_status":"closed","template":"","meta":{"_crdt_document":"","_monsterinsights_skip_tracking":false,"_monsterinsights_sitenote_active":false,"_monsterinsights_sitenote_note":"","_monsterinsights_sitenote_category":0,"footnotes":"","_links_to":"","_links_to_target":""},"class_list":["post-62210","page","type-page","status-publish","hentry"],"_links":{"self":[{"href":"https:\/\/aluksne.lv\/index.php\/wp-json\/wp\/v2\/pages\/62210","targetHints":{"allow":["GET"]}}],"collection":[{"href":"https:\/\/aluksne.lv\/index.php\/wp-json\/wp\/v2\/pages"}],"about":[{"href":"https:\/\/aluksne.lv\/index.php\/wp-json\/wp\/v2\/types\/page"}],"author":[{"embeddable":true,"href":"https:\/\/aluksne.lv\/index.php\/wp-json\/wp\/v2\/users\/1"}],"replies":[{"embeddable":true,"href":"https:\/\/aluksne.lv\/index.php\/wp-json\/wp\/v2\/comments?post=62210"}],"version-history":[{"count":4,"href":"https:\/\/aluksne.lv\/index.php\/wp-json\/wp\/v2\/pages\/62210\/revisions"}],"predecessor-version":[{"id":62217,"href":"https:\/\/aluksne.lv\/index.php\/wp-json\/wp\/v2\/pages\/62210\/revisions\/62217"}],"up":[{"embeddable":true,"href":"https:\/\/aluksne.lv\/index.php\/wp-json\/wp\/v2\/pages\/583"}],"wp:attachment":[{"href":"https:\/\/aluksne.lv\/index.php\/wp-json\/wp\/v2\/media?parent=62210"}],"curies":[{"name":"wp","href":"https:\/\/api.w.org\/{rel}","templated":true}]}}