{"id":69,"date":"2015-12-03T15:01:10","date_gmt":"2015-12-03T15:01:10","guid":{"rendered":"http:\/\/aluksne.lv\/jauna\/?page_id=69"},"modified":"2023-12-04T12:01:27","modified_gmt":"2023-12-04T10:01:27","slug":"sabiedriba","status":"publish","type":"page","link":"https:\/\/aluksne.lv\/index.php\/sabiedriba\/","title":{"rendered":"Sabiedr\u012bba"},"content":{"rendered":"<p>&nbsp;<\/p>\n<div class=\"divTable\">\n<div class=\"divTableBody\">\n<div class=\"divTableRow\">\n<div class=\"divTableCellTris\"><a href=\"index.php\/sabiedriba\/remigracija\/\">REMIGR\u0100CIJA<\/a><\/div>\n<div class=\"divTableCellTris\"><a href=\"index.php\/sabiedriba\/drosiba\/\">DRO\u0160\u012aBA<\/a><\/div>\n<div class=\"divTableCellTris\"><a href=\"http:\/\/www.aluksnesnvo.lv\/\" target=\"_blank\" rel=\"noopener\">SABIEDR\u012aBAS CENTRS<\/a><\/div>\n<\/div>\n<div class=\"divTableRow\">\n<div class=\"divTableCellTris\"><a href=\"index.php\/sabiedriba\/finansejuma-piesaiste\/\">FINANS\u0112JUMA PIESAISTE<\/a><\/div>\n<div class=\"divTableCellTris\"><a href=\"index.php\/sabiedriba\/sabiedribas-lidzdaliba\/\">SABIEDR\u012aBAS L\u012aDZDAL\u012aBA<\/a><\/div>\n<div class=\"divTableCellTris\"><a href=\"index.php\/sabiedriba\/veselibas-aprupe\/\">VESEL\u012aBAS APR\u016aPE<\/a><\/div>\n<\/div>\n<div class=\"divTableRow\">\n<div class=\"divTableCellTris\"><a href=\"index.php\/sabiedriba\/jauniesiem\/\">JAUNIE\u0160IEM<\/a><\/div>\n<div class=\"divTableCellTris\"><a href=\"index.php\/sabiedriba\/organizacijas\/\">ORGANIZ\u0100CIJAS<\/a><\/div>\n<div class=\"divTableCellTris\"><a href=\"index.php\/sabiedriba\/noderigi-resursi\/\">NODER\u012aGI RESURSI<\/a><\/div>\n<\/div>\n<\/div>\n<\/div>\n","protected":false},"excerpt":{"rendered":"<p>&nbsp; REMIGR\u0100CIJA DRO\u0160\u012aBA SABIEDR\u012aBAS CENTRS FINANS\u0112JUMA PIESAISTE SABIEDR\u012aBAS L\u012aDZDAL\u012aBA VESEL\u012aBAS APR\u016aPE JAUNIE\u0160IEM ORGANIZ\u0100CIJAS NODER\u012aGI RESURSI<\/p>\n","protected":false},"author":1,"featured_media":0,"parent":0,"menu_order":0,"comment_status":"closed","ping_status":"closed","template":"","meta":{"_crdt_document":"","_monsterinsights_skip_tracking":false,"_monsterinsights_sitenote_active":false,"_monsterinsights_sitenote_note":"","_monsterinsights_sitenote_category":0,"footnotes":"","_links_to":"","_links_to_target":""},"class_list":["post-69","page","type-page","status-publish","hentry"],"_links":{"self":[{"href":"https:\/\/aluksne.lv\/index.php\/wp-json\/wp\/v2\/pages\/69","targetHints":{"allow":["GET"]}}],"collection":[{"href":"https:\/\/aluksne.lv\/index.php\/wp-json\/wp\/v2\/pages"}],"about":[{"href":"https:\/\/aluksne.lv\/index.php\/wp-json\/wp\/v2\/types\/page"}],"author":[{"embeddable":true,"href":"https:\/\/aluksne.lv\/index.php\/wp-json\/wp\/v2\/users\/1"}],"replies":[{"embeddable":true,"href":"https:\/\/aluksne.lv\/index.php\/wp-json\/wp\/v2\/comments?post=69"}],"version-history":[{"count":0,"href":"https:\/\/aluksne.lv\/index.php\/wp-json\/wp\/v2\/pages\/69\/revisions"}],"wp:attachment":[{"href":"https:\/\/aluksne.lv\/index.php\/wp-json\/wp\/v2\/media?parent=69"}],"curies":[{"name":"wp","href":"https:\/\/api.w.org\/{rel}","templated":true}]}}