{"id":7068,"date":"2018-08-31T10:19:04","date_gmt":"2018-08-31T10:19:04","guid":{"rendered":"http:\/\/aluksne.lv\/?page_id=7068"},"modified":"2026-03-02T13:19:22","modified_gmt":"2026-03-02T11:19:22","slug":"aluksnes-kulturas-centra-pasakumi","status":"publish","type":"page","link":"https:\/\/aluksne.lv\/index.php\/kultura\/aluksnes-kulturas-centrs\/aluksnes-kulturas-centra-pasakumi\/","title":{"rendered":"Al\u016bksnes Kult\u016bras centra pas\u0101kumi"},"content":{"rendered":"<div id=\"center\" style=\"text-align: left;\">\n<div>\n<h2 class=\"p1\" style=\"text-align: center;\"><span class=\"s1\" style=\"color: #800000;\"><br \/>\nAktu\u0101l\u0101 inform\u0101cija par Al\u016bksnes Kult\u016bras centra pas\u0101kumiem un kases darba laiku<\/span><\/h2>\n<p>\nBi\u013cetes vienm\u0113r var ieg\u0101d\u0101ties internet\u0101\u00a0<u><a href=\"https:\/\/www.draugiem.lv\/say\/click.php?url=https%3A%2F%2Fwww.bilesuparadize.lv%2Flv%2Flocation%2F879&amp;pid=1873217139&amp;uid=13384248\">www.bilesuparadize.lv\/lv\/location\/8\u2026<\/a><\/u><span style=\"font-size: 12pt;\"><br \/>\n<\/span><\/p>\n<div class=\"\">\n<div class=\"cxmmr5t8 oygrvhab hcukyx3x o9v6fnle c1et5uql ii04i59q\">\n<div class=\"\" dir=\"auto\"><span style=\"font-size: 12pt;\">Al\u016bksnes Kult\u016bras centra kase darbojas sekojo\u0161os laikos:<\/span><\/div>\n<div class=\"\" dir=\"auto\">\n<p><span style=\"font-size: 12pt;\">Otrdiena &#8211; piektdiena 8:00 \u2013 16:00<br \/>\n<\/span><span style=\"font-size: 12pt;\">Sestdiena 10:00 \u2013 14:00<\/span><\/p>\n<p><span style=\"font-size: 12pt;\">Kase atv\u0113rta stundu pirms pas\u0101kuma.<\/span><\/p>\n<\/div>\n<div class=\"\" dir=\"auto\">Kases t\u0101lrunis uzzi\u0146\u0101m 64322833 vai 27334489.<\/div>\n<\/div>\n<\/div>\n<div class=\"\">\u00a0<\/div>\n<\/div>\n<\/div>\n<div style=\"overflow-x: auto;\">\n<table class=\"pienem\" style=\"width: 100%; height: 277px;\">\n<tbody>\n<tr style=\"height: 78px;\">\n<td style=\"width: 11.1451%; height: 10px; text-align: center;\" width=\"76\">\n<p><strong>Datums<\/strong><\/p>\n<\/td>\n<td style=\"width: 11.1956%; height: 10px; text-align: center;\" width=\"76\">\n<p><strong>Laiks<\/strong><\/p>\n<\/td>\n<td style=\"width: 40.4739%; height: 10px; text-align: center;\" width=\"350\">\n<p><strong>Pas\u0101kums<\/strong><\/p>\n<\/td>\n<td style=\"width: 24.7555%; height: 10px; text-align: center;\" width=\"142\">\n<p><strong>Ieejas maksa<\/strong><\/p>\n<\/td>\n<td style=\"width: 11.9626%; height: 10px; text-align: center;\" width=\"92\">\n<p><strong>Norises vieta<\/strong><\/p>\n<\/td>\n<\/tr>\n<tr>\n<td style=\"width: 11.1451%;\" width=\"92\">\n<p><strong>5.03.<\/strong><\/p>\n<p>Ceturtdiena<\/p>\n<\/td>\n<td style=\"width: 11.1956%;\" width=\"66\">\n<p><strong>18.00<\/strong><\/p>\n<\/td>\n<td style=\"width: 40.4739%;\" width=\"397\">\n<p><strong>TE\u0100TRIS UN ES le\u013c\u013cu izr\u0101de b\u0113rniem un vec\u0101kiem<\/strong><\/p>\n<p><strong>L\u0100CIS UN VI\u0145A DRAUGI<\/strong><\/p>\n<p>Izr\u0101de ir st\u0101sts par L\u0101ci, kur\u0161 ir \u013coti \u010dakls, apzin\u012bgs un t\u0101lredz\u012bgs l\u0101cis. Vi\u0146\u0161 ir str\u0101d\u0101jis visu vasaru un tagad var\u0113tu mier\u012bgi iet gul\u0113t l\u012bdz pavasarim. Bet&#8230;L\u0101cis nevar aizmigt un saprot, ka ir j\u0101izdom\u0101, par ko sap\u0146ot garaj\u0101 gul\u0113\u0161anas laik\u0101. Un t\u0101, L\u0101cis dodas pie draugiem, lai uzzin\u0101tu, par ko sap\u0146o vi\u0146i. \u00a0I<strong>zr\u0101des ilgums &#8211; <\/strong>40 min, i<strong>eteicamais vecums: 2+<\/strong><\/p>\n<p><strong>M\u0113r\u0137auditorija:<\/strong> b\u0113rni pirmskolas un s\u0101kumskolas vecum\u0101.<\/p>\n<\/td>\n<td style=\"width: 24.7555%;\" width=\"85\">\n<p>15,00<\/p>\n<\/td>\n<td style=\"width: 11.9626%;\" width=\"85\">\n<p>Maz\u0101 z\u0101le<\/p>\n<\/td>\n<\/tr>\n<tr>\n<td style=\"width: 11.1451%;\" width=\"92\">\n<p><strong>8.03.<\/strong><\/p>\n<p>Sv\u0113tdiena<\/p>\n<\/td>\n<td style=\"width: 11.1956%;\" width=\"66\">\n<p><strong>16.00<\/strong><\/p>\n<\/td>\n<td style=\"width: 40.4739%;\" width=\"397\">\n<p><strong>Muzik\u0101li liter\u0101rs st\u0101sts<\/strong><\/p>\n<p><strong>AL\u016aKSNIE\u0160A SIRDS<\/strong><\/p>\n<p>St\u0101st\u0101 skan al\u016bksnie\u0161a Dzintara Ozoli\u0146a septi\u0146desmitajos gados rad\u012bt\u0101s dziesmas, ko izpilda tr\u012bs toreiz\u0113jie jaunie\u0161i <strong>&#8211; Zigm\u0101rs Kr\u016bmi\u0146\u0161, Didzis Egl\u012btis un Normunds Jantons.<\/strong> K\u0101 jaun\u012bbas atmi\u0146u un laika turpin\u0101juma simbols st\u0101st\u0101 piedal\u012bsies jaunie Al\u016bksnes cilv\u0113ki &#8211; <strong>Kri\u0161j\u0101nis Zadumins un Anastasija Asilgarajeva.<\/strong> Re\u017eisores: <strong>Daiga B\u0113tere, Sanita Egl\u012bte.<\/strong><\/p>\n<\/td>\n<td style=\"width: 24.7555%;\" width=\"85\">\n<p>7,00<\/p>\n<p>&nbsp;<\/p>\n<p>Bi\u013cetes tikai AKC kas\u0113<\/p>\n<\/td>\n<td style=\"width: 11.9626%;\" width=\"85\">\n<p>Kamerz\u0101l\u0113<\/p>\n<\/td>\n<\/tr>\n<tr>\n<td style=\"width: 11.1451%;\" width=\"92\">\n<p><strong>12.03.<\/strong><\/p>\n<p>Ceturtdiena<\/p>\n<\/td>\n<td style=\"width: 11.1956%;\" width=\"66\">\n<p><strong>18.30<\/strong><\/p>\n<\/td>\n<td style=\"width: 40.4739%;\" width=\"397\">\n<p><strong>Filma<\/strong><\/p>\n<p><strong>PERFEKTIE<\/strong><\/p>\n<p>St\u0101sts s\u0101kas pilnm\u0113ness aptumsuma nakt\u012b, kad septi\u0146i seni draugi san\u0101k kop\u012bg\u0101s vakari\u0146\u0101s. Vakara gait\u0101 k\u0101ds ierosina sp\u0113li, kur\u0101 ikviens noliek savu telefonu uz galda un sola dal\u012bties ar vis\u0101m ien\u0101ko\u0161aj\u0101m zi\u0146\u0101m un zvaniem. S\u0101kum\u0101 nevain\u012bg\u0101 sp\u0113le \u0161\u0137iet nekait\u012bgs joks, jo katrs ir p\u0101rliecin\u0101ts, ka vi\u0146am nav, ko sl\u0113pt. Bet vai t\u0101 tie\u0161\u0101m ir? Lom\u0101s<strong>: D\u0101rta Danevi\u010da, Intars Re\u0161etins-P\u0113tersons, Linda Kalni\u0146a, Dainis Gr\u016bbe, Anete Kurs\u012bte, J\u0101nis \u0100manis, Santa Breik\u0161a, M\u0101rti\u0146\u0161 Egliens. <\/strong>Re\u017eisors<strong> D\u017e. D\u017e. D\u017eilind\u017eers.<\/strong><\/p>\n<\/td>\n<td style=\"width: 24.7555%;\" width=\"85\">\n<p>5,00<\/p>\n<\/td>\n<td style=\"width: 11.9626%;\" width=\"85\">\n<p>Liel\u0101 z\u0101le<\/p>\n<\/td>\n<\/tr>\n<tr>\n<td style=\"width: 11.1451%;\" width=\"92\">\n<p><strong>14.03.<\/strong> Sestdiena<\/p>\n<\/td>\n<td style=\"width: 11.1956%;\" width=\"66\">\n<p><strong>18.00<\/strong><\/p>\n<\/td>\n<td style=\"width: 40.4739%;\" width=\"397\">\n<p><strong>Operete D\u017dUDITA<\/strong><\/p>\n<p><strong>Franca Leh\u0101ra<\/strong> operete &#8211; muzik\u0101l\u0101 kom\u0113dija 5 ain\u0101s.\u00a0\u00a0M\u016b\u017eam aktu\u0101ls, fascin\u0113jo\u0161s st\u0101sts par ilg\u0101m,\u00a0aps\u0113st\u012bbu, iek\u0101ri un kaisl\u012bgu m\u012blest\u012bbu.<\/p>\n<p>Skaist\u0101 un nevald\u0101m\u0101 D\u017eudita j\u016btas k\u0101 b\u016br\u012b iesprostota laul\u012bb\u0101 ar v\u012bru Manuelu. Vi\u0146as dz\u012bv\u0113 viss main\u0101s br\u012bd\u012b, kad vi\u0146a sastop harizm\u0101tisko kapteini Oktavio. Kaisl\u012bba starp vi\u0146iem ir tik sp\u0113c\u012bga, ka D\u017eudita pamet pag\u0101tni un aizb\u0113g kop\u0101 ar vi\u0146u. M\u012bla uzzied sve\u0161um\u0101 \u2013 saules pieliet\u0101 Zieme\u013c\u0101frikas pils\u0113t\u0101, bet liktenis iejaucas &#8211; Oktavio j\u0101dodas kar\u0101. Pamesta viena, D\u017eudita atrod sev\u012b sp\u0113ku k\u013c\u016bt par m\u0101kslinieci. Vi\u0146as balss un neparast\u0101 daile padara vi\u0146u par zvaigzni un slaven\u012bbu grezn\u0101 klub\u0101, kur apmekl\u0113t\u0101ji apbr\u012bno vi\u0146as spo\u017eo talantu. Tom\u0113r zem \u0161\u012bs mirdzo\u0161\u0101s maskas sl\u0113pjas dzi\u013ca vientul\u012bba.<\/p>\n<p>D\u017eudita <strong>&#8211; Anta Jankovska<\/strong> (sopr\u0101ns\/It\u0101lija, Oktavio <strong>\u2013 Dainis Skultelis <\/strong>(tenors), diri\u0123ents <strong>Atvars Lakst\u012bgala.<\/strong><\/p>\n<p>Lom\u0101s ar\u012b: <strong>Jolanta Strikaite, Em\u012bls Kivlenieks,<\/strong> <strong>Nauris Indzeris, Inm\u0101rs<\/strong> <strong>Sikle,\u00a0Patr\u012bcija Kozlovska, Henrijs Kozlovskis u.c. <\/strong>Koris, dejot\u0101ji un simfoniskais or\u0137estris.<\/p>\n<\/td>\n<td style=\"width: 24.7555%;\" width=\"85\">\n<p>20.00, 25.00, 30.00, 35.00<\/p>\n<\/td>\n<td style=\"width: 11.9626%;\" width=\"85\">\n<p>Liel\u0101 z\u0101le<\/p>\n<\/td>\n<\/tr>\n<tr>\n<td style=\"width: 11.1451%;\" width=\"92\">\n<p><strong>15.03<\/strong><\/p>\n<p>Sv\u0113tdiena<\/p>\n<\/td>\n<td style=\"width: 11.1956%;\" width=\"66\">\n<p><strong>11.00<\/strong><\/p>\n<\/td>\n<td style=\"width: 40.4739%;\" width=\"397\">\n<p><strong>Al\u016bksnes novada vok\u0101lo ansamb\u013cu skate<\/strong><\/p>\n<p><strong>\u00a0<\/strong><\/p>\n<\/td>\n<td style=\"width: 24.7555%;\" width=\"85\">\n<p>Bez maksas<\/p>\n<\/td>\n<td style=\"width: 11.9626%;\" width=\"85\">\n<p>Liel\u0101 z\u0101le<\/p>\n<\/td>\n<\/tr>\n<tr>\n<td style=\"width: 11.1451%;\" width=\"92\">\n<p><strong>21.03.<\/strong><\/p>\n<p>Sestdiena<\/p>\n<\/td>\n<td style=\"width: 11.1956%;\" width=\"66\">\n<p><strong>17.00<\/strong><\/p>\n<\/td>\n<td style=\"width: 40.4739%;\" width=\"397\">\n<p><strong>Al\u016bksnes Kult\u016bras centra skolot\u0101ju kora \u201cAtzele\u201d 40 gadu jubilejas koncerts<\/strong><\/p>\n<p><strong>MANA LAPAS BALSS<\/strong><\/p>\n<\/td>\n<td style=\"width: 24.7555%;\" width=\"85\">\n<p>2,50<\/p>\n<\/td>\n<td style=\"width: 11.9626%;\" width=\"85\">\n<p>Liel\u0101 z\u0101le<\/p>\n<\/td>\n<\/tr>\n<tr>\n<td style=\"width: 11.1451%;\" width=\"92\">\n<p><strong>22.03.<\/strong><\/p>\n<p>Sv\u0113tdiena<\/p>\n<\/td>\n<td style=\"width: 11.1956%;\" width=\"66\">\n<p><strong>17.00<\/strong><\/p>\n<\/td>\n<td style=\"width: 40.4739%;\" width=\"397\">\n<p><strong>Al\u016bksnes, Gulbenes un Balvu novadu jaunie\u0161u deju kolekt\u012bvu skate<\/strong><\/p>\n<\/td>\n<td style=\"width: 24.7555%;\" width=\"85\">\n<p>Bez maksas<\/p>\n<\/td>\n<td style=\"width: 11.9626%;\" width=\"85\">\n<p>Liel\u0101 z\u0101le<\/p>\n<\/td>\n<\/tr>\n<tr>\n<td style=\"width: 11.1451%;\" width=\"92\">\n<p><strong>24. 03.<\/strong><\/p>\n<p>Otrdiena<\/p>\n<\/td>\n<td style=\"width: 11.1956%;\" width=\"66\">\n<p><strong>19.00<\/strong><\/p>\n<\/td>\n<td style=\"width: 40.4739%;\" width=\"397\">\n<p><strong>Sirsn\u012bga kom\u0113dija<\/strong><\/p>\n<p><strong>\u201cMAZPI\u013bS\u0100TA 2\u201d.\u00a0 K\u0100ZAS B\u016aS?<\/strong><\/p>\n<p>Kad \u0161\u0137iet, ka mazpils\u0113t\u0101 kaisl\u012bbas norimu\u0161as, n\u0101k otr\u0101 da\u013ca ar\u00a0v\u0113l vair\u0101k smiekliem, sirsn\u012bbas un latga\u013cu \u0161arma! K\u0101 kl\u0101sies Arnim, Zandai, Andrim un Evai? <strong>Lom\u0101s: Zane Daudzi\u0146a, Aldis Sili\u0146\u0161, El\u012bna V\u0101ne, J\u0101nis Skanis, Ruta<\/strong><strong> V\u012bti\u0146a.<\/strong><\/p>\n<\/td>\n<td style=\"width: 24.7555%;\" width=\"85\">\n<p>18.00, 20.00, 25.00, 30.00<\/p>\n<\/td>\n<td style=\"width: 11.9626%;\" width=\"85\">\n<p>Liel\u0101 z\u0101le<\/p>\n<\/td>\n<\/tr>\n<tr>\n<td style=\"width: 11.1451%;\" width=\"92\">\n<p><strong>28.03.<\/strong><\/p>\n<p>Sestdiena<\/p>\n<\/td>\n<td style=\"width: 11.1956%;\" width=\"66\">\n<p><strong>16.00<\/strong><\/p>\n<\/td>\n<td style=\"width: 40.4739%;\" width=\"397\">\n<p><strong>Al\u016bksnes un Apes novada fonda r\u012bkotais dziesminieces <\/strong><\/p>\n<p><strong>Vitas Kr\u016bmi\u0146as koncerts<\/strong><\/p>\n<p><strong>PIESK\u0100RIENS M\u012aLEST\u012aBAI<\/strong><\/p>\n<p>Programm\u0101 Imanta Kalni\u0146a, dziesminieku un taut\u0101 iem\u012b\u013cotas dziesmas.<\/p>\n<\/td>\n<td style=\"width: 24.7555%;\" width=\"85\">\n<p>Ieeja par ziedojumiem<\/p>\n<\/td>\n<td style=\"width: 11.9626%;\" width=\"85\">\n<p>Maz\u0101 z\u0101le<\/p>\n<\/td>\n<\/tr>\n<tr>\n<td style=\"width: 11.1451%;\" width=\"92\">\n<p><strong>4.04.<\/strong><\/p>\n<p>Sestdiena<\/p>\n<\/td>\n<td style=\"width: 11.1956%;\" width=\"66\">\n<p><strong>13.00<\/strong><\/p>\n<\/td>\n<td style=\"width: 40.4739%;\" width=\"397\">\n<p><strong>Izr\u0101de ar l\u012bdzdarbo\u0161anos b\u0113rniem<\/strong><\/p>\n<p><strong>OTI\u0145AS UN KR\u0100SI\u0145AS LIEL\u0100 DIENA<\/strong><\/p>\n<p>R\u016b\u0137u ciem\u0101 notiek akt\u012bva gatavo\u0161an\u0101s Lieldien\u0101m. Latvisk\u0101 r\u016b\u0137u meitene Oti\u0146a uzskata, ka Lieldienas j\u0101svin latviski, t\u0101p\u0113c olas v\u0113las kr\u0101sot ar latviskiem simboliem un kr\u0101s\u0101m, svin\u0113t p\u0113c latvie\u0161u trad\u012bcij\u0101m, bet dz\u012bvespriec\u012bgajai gleznot\u0101jai Kr\u0101si\u0146ai pat\u012bk spilgtas kr\u0101sas un modern\u0101 deju\u00a0 m\u016bzika un olu kauju aplik\u0101cijas telefon\u0101. B\u016bs interesanti uzzin\u0101t, k\u0101 vi\u0146as vienosies svin\u0113t sv\u0113tkus \u0161ogad?<\/p>\n<\/td>\n<td style=\"width: 24.7555%;\" width=\"85\">\n<p>5,00<\/p>\n<\/td>\n<td style=\"width: 11.9626%;\" width=\"85\">\n<p>\u00a0Maz\u0101 z\u0101le<\/p>\n<\/td>\n<\/tr>\n<tr>\n<td style=\"width: 11.1451%;\" width=\"92\">\n<p><strong>4.04.<\/strong><\/p>\n<p>Sestdiena<\/p>\n<\/td>\n<td style=\"width: 11.1956%;\" width=\"66\">\n<p><strong>14.00<\/strong><\/p>\n<\/td>\n<td style=\"width: 40.4739%;\" width=\"397\">\n<p><strong>Glezno\u0161anas meistarklase<\/strong><\/p>\n<p><strong>GADALIAKI<\/strong><\/p>\n<p>Meistarklasi vada gleznot\u0101ja <strong>Ilvija \u017deigure<\/strong>. Vietu skaits ierobe\u017eots, <strong>pieteik\u0161an\u0101s l\u012bdz<\/strong> <strong>2. apr\u012blim<\/strong>, vietas rezerv\u0101cija rakstot uz e-pastu: info@makslaspietura.lv.<\/p>\n<\/td>\n<td style=\"width: 24.7555%;\" width=\"85\">\n<p>39.00<\/p>\n<\/td>\n<td style=\"width: 11.9626%;\" width=\"85\">\n<p>Foaj\u0113<\/p>\n<\/td>\n<\/tr>\n<tr>\n<td style=\"width: 11.1451%;\" width=\"92\">\n<p><strong>12.04.<\/strong><\/p>\n<p>Sv\u0113tdiena<\/p>\n<\/td>\n<td style=\"width: 11.1956%;\" width=\"66\">\n<p><strong>16.00<\/strong><\/p>\n<\/td>\n<td style=\"width: 40.4739%;\" width=\"397\">\n<p><strong>Imanta Kalni\u0146a dziesmu st\u0101sts <\/strong><\/p>\n<p><strong>VI\u0145I DEJOJA VIENU VASARU<\/strong><\/p>\n<p>\u00a0\u201cTas ir st\u0101sts par pirmajiem sk\u016bpstiem un p\u0113d\u0113jiem tramvajiem, par tiem, kuri m\u012bl &#8211; neveikli, kaisl\u012bgi, no sirds. Par sap\u0146iem, kas da\u017ek\u0101rt m\u016bs apsteidz, un par sevis mekl\u0113jumiem laik\u0101, kas nemit\u012bgi main\u0101s. Katrs no \u0161\u012b st\u0101sta varo\u0146iem ir izv\u0113les priek\u0161\u0101 \u2013 br\u012bv\u012bba, m\u012blest\u012bba, n\u0101kotne vai sist\u0113mas verdz\u012bba. Vi\u0146i izv\u0113las br\u012bv\u012bbu, lai ko tas pras\u012btu. Br\u012bv\u012bbai nav cenas\u201d, uzsver re\u017eisore <strong>R\u0113zija Kalni\u0146a.<\/strong><\/p>\n<p>Koncertuzvedum\u0101 piedal\u0101s\u00a0<strong>Ivo Gr\u012bsni\u0146\u0161 Gr\u012bslis, Paula P\u0113rkone\u00a0<\/strong>\/Latvian Voices\/<strong>,\u00a0Anmary, Em\u012bls Gilu\u010ds-L\u0101cis, Toms Kalderauskis, Austra Elza Kozuli\u0146a, Art\u016brs Bi\u0137ernieks, Kar\u012bna Bi\u0137erniece, Edvards Grieze, Zane Hel\u0113na Lazdi\u0146a\u00a0<\/strong>un grupa<strong>\u00a0\u201cUncle Steven\u201d.<\/strong><\/p>\n<\/td>\n<td style=\"width: 24.7555%;\" width=\"85\">\n<p>20.00, 25.00, 30.00<\/p>\n<\/td>\n<td style=\"width: 11.9626%;\" width=\"85\">\n<p>Liel\u0101 z\u0101le<\/p>\n<\/td>\n<\/tr>\n<tr>\n<td style=\"width: 11.1451%;\" width=\"92\">\n<p><strong>16.04.<\/strong><\/p>\n<p>Ceturtdiena<\/p>\n<\/td>\n<td style=\"width: 11.1956%;\" width=\"66\">\n<p><strong>19.00<\/strong><\/p>\n<\/td>\n<td style=\"width: 40.4739%;\" width=\"397\">\n<p><strong>Nopietna kom\u0113dija <\/strong><\/p>\n<p><strong>UZ VISU BANKU!<\/strong><\/p>\n<p>Ja dz\u012bves straujie l\u012bklo\u010di tevi izmet no laivas un esi pusm\u016b\u017e\u0101 spiests rast risin\u0101jumu, bie\u017ei vien iest\u0101jas strupce\u013c\u0161 &#8211; kad ap\u0146\u0113m\u012bbas pilns dodies uz banku pras\u012bt aizdevumu, bet tev to nedod, jo esi par vecu, un tev nav ne galvot\u0101ja, ne \u0137\u012blas, un m\u0101sa bezsp\u0113c\u012bba tev uz pleca jau liek savu smagn\u0113jo roku, lai spiestu uz ce\u013ciem, tu izmisuma dz\u012bts bankas direktoram ac\u012bs vien vari izdvest: \u201cJa nedosi man kred\u012btu, es savaldzin\u0101\u0161u un p\u0101rgul\u0113\u0161u ar tavu sievu\u2019\u2019. <strong>Lom\u0101s: Intars Re\u0161etins-P\u0113tersons un\u00a0Normunds Laiz\u0101ns vai Artis Robe\u017enieks<\/strong>.<\/p>\n<\/td>\n<td style=\"width: 24.7555%;\" width=\"85\">\n<p>15.00, 20.00, 22.00 un 25.00<\/p>\n<\/td>\n<td style=\"width: 11.9626%;\" width=\"85\">\n<p>Liel\u0101 z\u0101le<\/p>\n<\/td>\n<\/tr>\n<tr>\n<td style=\"width: 11.1451%;\" width=\"92\">\n<p><strong>2.05.<\/strong><\/p>\n<p>Sestdiena<\/p>\n<\/td>\n<td style=\"width: 11.1956%;\" width=\"66\">\n<p><strong>18.00<\/strong><\/p>\n<\/td>\n<td style=\"width: 40.4739%;\" width=\"397\">\n<p><strong>\u00a0Rihards Lepers | koncertuzvedums <\/strong><\/p>\n<p><strong>VAIR\u0100K K\u0100 TR\u012aS LIETAS<\/strong><\/p>\n<p>Riharda koncerta apmekl\u0113t\u0101jus aizved\u012bs sev tuv\u0101 dziesmu un dzejas pasaul\u0113.Koncert\u0101 izskan\u0113s maestro <strong>Raimonda Paula<\/strong> dziesmas ar <strong>J\u0101\u0146a Petera<\/strong>, <strong>Leona Brie\u017ea un Guntara Ra\u010da<\/strong> v\u0101rdiem, k\u0101 ar\u012b komponista <strong>Ulda Stabulnieka<\/strong> dziesmas ar <strong>Aleksandra \u010caka<\/strong> un citu dzejnieku v\u0101rdiem, k\u0101 ar\u012b komponistu <strong>Zigmara Liepi\u0146a un J\u0101\u0146a L\u016bs\u0113na<\/strong> ska\u0146darbi.<\/p>\n<p>Koncertuzvedums veidots k\u0101 st\u0101sts par v\u012brie\u0161a iek\u0161\u0113jo pasauli \u2013 no b\u0113rn\u012bbas atmi\u0146\u0101m, sav\u0101m pils\u0113tas iel\u0101m un notikumiem l\u012bdz m\u012blest\u012bbai, trakul\u012bbai, dz\u012bves baud\u012b\u0161anai un skaudr\u0101m atzi\u0146\u0101m par pasaules k\u0101rt\u012bbu un cilv\u0113ka vietu taj\u0101.\u00a0Koncert\u0101 piedal\u012bsies muzik\u0101l\u0101 grupa <strong>Jura Kristona<\/strong> vad\u012bb\u0101.<\/p>\n<\/td>\n<td style=\"width: 24.7555%;\" width=\"85\">\n<p>&nbsp;<\/p>\n<\/td>\n<td style=\"width: 11.9626%;\" width=\"85\">\n<p>&nbsp;<\/p>\n<\/td>\n<\/tr>\n<tr>\n<td style=\"width: 11.1451%;\" width=\"92\">\n<p><strong>31.10.<\/strong><\/p>\n<p>Sestdiena<\/p>\n<\/td>\n<td style=\"width: 11.1956%;\" width=\"66\">\n<p><strong>16.00<\/strong><\/p>\n<\/td>\n<td style=\"width: 40.4739%;\" width=\"397\">\n<p><strong>ARTIS \u0160IMPERMANIS koncertprogramma <\/strong><\/p>\n<p><strong>DZIMT\u0100S M\u0100JAS<\/strong><\/p>\n<p><strong>\u00a0<\/strong>Man<em> \u0161\u012b programma ir \u013coti personiska. Esmu taj\u0101 ielicis to saj\u016btu, kas rodas, kad cilv\u0113ks atgrie\u017eas viet\u0101, kur vi\u0146u saprot bez v\u0101rdiem. Es gribu, lai \u0161ie koncerti k\u013c\u016bst par tik\u0161an\u0101s br\u012bdi, kur\u0101 m\u0113s katrs saj\u016btam savas \u2018dzimt\u0101s m\u0101jas\u2019 \u2013 kaut uz vienu vakaru.\u201d<\/em><\/p>\n<\/td>\n<td style=\"width: 24.7555%;\" width=\"85\">\n<p>22.00<\/p>\n<\/td>\n<td style=\"width: 11.9626%;\" width=\"85\">\n<p>Liel\u0101 z\u0101le<\/p>\n<\/td>\n<\/tr>\n<\/tbody>\n<\/table>\n<\/div>\n<p><strong><em><br \/>\nAl\u016bksnes Kult\u016bras centra d\u0101vanu karti var izmantot uz visiem pas\u0101kumiem, kas notiek Al\u016bksnes Kult\u016bras centr\u0101<\/em><\/strong><\/p>\n<p>Pas\u0101kumu pl\u0101ns var main\u012bties.\u00a0\u00a0<\/p>\n<p><strong>Al\u016bksnes Kult\u016bras centra kases darba laiks<\/strong><\/p>\n<p>Otrdiena &#8211; Piektdiena 8:00 \u2013 16:00<\/p>\n<p>Sestdiena \u2013 10:00 \u2013 14:00<\/p>\n<p>T\u0101lrunis uzzi\u0146\u0101m 64322833, 27334489<\/p>\n","protected":false},"excerpt":{"rendered":"<p>Aktu\u0101l\u0101 inform\u0101cija par Al\u016bksnes Kult\u016bras centra pas\u0101kumiem un kases darba laiku Bi\u013cetes vienm\u0113r var ieg\u0101d\u0101ties internet\u0101\u00a0www.bilesuparadize.lv\/lv\/location\/8\u2026 Al\u016bksnes Kult\u016bras centra kase darbojas sekojo\u0161os laikos: Otrdiena &#8211; piektdiena 8:00 \u2013 16:00 Sestdiena 10:00 \u2013 14:00 Kase atv\u0113rta stundu pirms pas\u0101kuma. Kases t\u0101lrunis&#8230;<br \/><a class=\"read-more-button\" href=\"https:\/\/aluksne.lv\/index.php\/kultura\/aluksnes-kulturas-centrs\/aluksnes-kulturas-centra-pasakumi\/\">Las\u012bt visu<\/a><\/p>\n","protected":false},"author":1,"featured_media":0,"parent":368,"menu_order":0,"comment_status":"closed","ping_status":"closed","template":"","meta":{"_crdt_document":"","_monsterinsights_skip_tracking":false,"_monsterinsights_sitenote_active":false,"_monsterinsights_sitenote_note":"","_monsterinsights_sitenote_category":0,"footnotes":"","_links_to":"","_links_to_target":""},"class_list":["post-7068","page","type-page","status-publish","hentry"],"_links":{"self":[{"href":"https:\/\/aluksne.lv\/index.php\/wp-json\/wp\/v2\/pages\/7068","targetHints":{"allow":["GET"]}}],"collection":[{"href":"https:\/\/aluksne.lv\/index.php\/wp-json\/wp\/v2\/pages"}],"about":[{"href":"https:\/\/aluksne.lv\/index.php\/wp-json\/wp\/v2\/types\/page"}],"author":[{"embeddable":true,"href":"https:\/\/aluksne.lv\/index.php\/wp-json\/wp\/v2\/users\/1"}],"replies":[{"embeddable":true,"href":"https:\/\/aluksne.lv\/index.php\/wp-json\/wp\/v2\/comments?post=7068"}],"version-history":[{"count":2,"href":"https:\/\/aluksne.lv\/index.php\/wp-json\/wp\/v2\/pages\/7068\/revisions"}],"predecessor-version":[{"id":61023,"href":"https:\/\/aluksne.lv\/index.php\/wp-json\/wp\/v2\/pages\/7068\/revisions\/61023"}],"up":[{"embeddable":true,"href":"https:\/\/aluksne.lv\/index.php\/wp-json\/wp\/v2\/pages\/368"}],"wp:attachment":[{"href":"https:\/\/aluksne.lv\/index.php\/wp-json\/wp\/v2\/media?parent=7068"}],"curies":[{"name":"wp","href":"https:\/\/api.w.org\/{rel}","templated":true}]}}