{"id":7702,"date":"2018-10-15T11:08:04","date_gmt":"2018-10-15T11:08:04","guid":{"rendered":"http:\/\/aluksne.lv\/?page_id=7702"},"modified":"2025-08-18T11:55:38","modified_gmt":"2025-08-18T08:55:38","slug":"informacija-pacientiem-ar-funkcionaliem-traucejumiem-par-iespeju-sanemt-sniegtos-veselibas-aprupes-pakalpojumus","status":"publish","type":"page","link":"https:\/\/aluksne.lv\/index.php\/sabiedriba\/veselibas-aprupe\/informacija-pacientiem-ar-funkcionaliem-traucejumiem-par-iespeju-sanemt-sniegtos-veselibas-aprupes-pakalpojumus\/","title":{"rendered":"Inform\u0101cija pacientiem ar funkcion\u0101liem trauc\u0113jumiem par iesp\u0113ju sa\u0146emt  sniegtos vesel\u012bbas apr\u016bpes pakalpojumus"},"content":{"rendered":"<h2 style=\"text-align: center;\"><strong><br \/>\n\u0122imenes \u0101rstu prakses vietas<\/strong><\/h2>\n<h3 style=\"text-align: left;\" align=\"center\">\n<p><strong>Aritas Prindules \u0123imenes \u0101rsta prakses vieta Jaunlaicenes pagast\u0101<\/strong><\/h3>\n<p>\u00a0Aritas Prindules \u0123imenes \u0101rsta prakses vieta atrodas Jaunlaicenes pagasta \u201eRieksti\u0146os\u201d.<br \/>\nIr pieejama p\u0101rvietojama uzbrauktuve. Pacients, piesakoties uz viz\u012bti pie \u0123imenes \u0101rsta, inform\u0113 person\u0101lu par funkcion\u0101liem trauc\u0113jumiem.<br \/>\nIerodoties uz viz\u012bti, pacients pa t\u0101lruni 64354986 vai 26526198 inform\u0113 person\u0101lu par iera\u0161anos. Prakses person\u0101ls pal\u012bdz pacientam nok\u013c\u016bt prakses telp\u0101s. P\u0113c viz\u012btes pie \u0123imenes \u0101rsta,\u00a0 prakses person\u0101ls pal\u012bdz pacientam izk\u013c\u016bt lauk\u0101 no prakses telp\u0101m<br \/>\n\u0100rpus \u0101rsta darba laika, medic\u012bnisko pal\u012bdz\u012bbu un diagnostisko izmekl\u0113\u0161anu var sa\u0146emt un veikt Al\u016bksnes slimn\u012bcas uz\u0146em\u0161anas noda\u013c\u0101, Pils iel\u0101 1a, Al\u016bksn\u0113, t\u0101l.64307149 vai Al\u016bksnes polikl\u012bnik\u0101, Vidus\u00a0 iel\u0101 1, Al\u016bksn\u0113, piesakoties pa t\u0101lruni 64322482.<\/p>\n<h3 style=\"text-align: left;\" align=\"center\"><strong>J\u0101\u0146a Stabinga \u0123imenes \u0101rsta prakse Liepnas pagast\u0101<\/strong><\/h3>\n<p>J\u0101\u0146a Stabinga \u0123imenes \u0101rsta prakse atrodas Liepnas pagasta \u201eMui\u017e\u0101\u201d. Person\u0101m ar funkcion\u0101liem trauc\u0113jumiem iesp\u0113jams sazin\u0101ties ar \u0123imenes \u0101rstu pa t\u0101lruni 64329184 un vienoties par \u0101rsta m\u0101jas viz\u012bti pie pacienta.<br \/>\n\u0122imenes \u0101rsts vai \u0101rsta pal\u012bgs iesp\u0113ju robe\u017e\u0101s veiks \u0101rstniecisk\u0101s proced\u016bras un anal\u012b\u017eu \u0146em\u0161anu m\u0101jas apst\u0101k\u013cos.<br \/>\nTuv\u0101k\u0101s \u0101rstniec\u012bbas iest\u0101des, kur var sa\u0146emt medic\u012bnisko pal\u012bdz\u012bbu ir Al\u016bksnes slimn\u012bca, Pils iel\u0101 1a, Al\u016bksn\u0113 un Al\u016bksnes polikl\u012bnika, Vidus iel\u0101 1, Al\u016bksn\u0113<\/p>\n<p>&nbsp;<\/p>\n<p>&nbsp;<\/p>\n<h2 style=\"text-align: center;\" align=\"center\"><strong>Feld\u0161eru &#8211; vecm\u0101\u0161u punkti<\/strong><\/h2>\n<h3><strong>Alsvi\u0137u feld\u0161eru \u2013 vecm\u0101\u0161u punkts<\/strong><\/h3>\n<p>Ambulator\u0101 dienesta \u0101rsta pal\u012bgs Ligita Podzi\u0146a<\/p>\n<p>T\u0101lrunis: +371 26394745, e-pasts: <a href=\"mailto:ligita.podzina@aluksne.lv\">ligita.podzina@aluksne.lv<\/a><\/p>\n<p>Atra\u0161an\u0101s vieta: \u201ePagastnams\u201d, Alsvi\u0137u pagasts, Al\u016bksnes novads.<\/p>\n<p>Darba laiks: Pirmdiena 08:00 \u2013 12:00<\/p>\n<p>\u00a0\u00a0\u00a0\u00a0\u00a0\u00a0\u00a0\u00a0\u00a0\u00a0\u00a0\u00a0\u00a0\u00a0\u00a0\u00a0\u00a0\u00a0\u00a0 Otrdiena\u00a0\u00a0\u00a0 08:00 \u2013 16:00<\/p>\n<p>\u00a0\u00a0\u00a0\u00a0\u00a0\u00a0\u00a0\u00a0\u00a0\u00a0\u00a0\u00a0\u00a0\u00a0\u00a0\u00a0\u00a0\u00a0\u00a0 Tre\u0161diena\u00a0\u00a0 08:00 \u2013 12:00\u00a0<\/p>\n<p>\u00a0\u00a0\u00a0\u00a0\u00a0\u00a0\u00a0\u00a0\u00a0\u00a0\u00a0\u00a0\u00a0\u00a0\u00a0\u00a0\u00a0\u00a0\u00a0 Piektdiena\u00a0 08:00 \u2013 12:00<\/p>\n<p>Pacientu pie\u0146em\u0161anas laiks: Pirmdiena\u00a0\u00a0\u00a0 08:00 \u2013 12:00<\/p>\n<p>\u00a0\u00a0\u00a0\u00a0\u00a0\u00a0\u00a0\u00a0\u00a0\u00a0\u00a0\u00a0\u00a0\u00a0\u00a0\u00a0\u00a0\u00a0\u00a0\u00a0\u00a0\u00a0\u00a0\u00a0\u00a0\u00a0\u00a0\u00a0\u00a0\u00a0\u00a0\u00a0\u00a0\u00a0\u00a0\u00a0\u00a0\u00a0\u00a0\u00a0\u00a0\u00a0\u00a0\u00a0\u00a0 Otrdiena\u00a0\u00a0\u00a0\u00a0\u00a0 08:30 \u2013 13:30<\/p>\n<p>\u00a0\u00a0\u00a0\u00a0\u00a0\u00a0\u00a0\u00a0\u00a0\u00a0\u00a0\u00a0\u00a0\u00a0\u00a0\u00a0\u00a0\u00a0\u00a0\u00a0\u00a0\u00a0\u00a0\u00a0\u00a0\u00a0\u00a0\u00a0\u00a0\u00a0\u00a0\u00a0\u00a0\u00a0\u00a0\u00a0\u00a0\u00a0\u00a0\u00a0\u00a0\u00a0\u00a0\u00a0\u00a0 Tre\u0161diena\u00a0 \u00a0\u00a0\u00a008:00 \u2013 12:00<\/p>\n<h3><strong>Strauti\u0146u feld\u0161eru &#8211; vecm\u0101\u0161u punkts<\/strong><\/h3>\n<p>Ambulator\u0101 dienesta \u0101rsta pal\u012bgs Ligita Podzi\u0146a<\/p>\n<p>T\u0101lrunis: +371 26394745, e-pasts: <a href=\"mailto:ligita.podzina@aluksne.lv\">ligita.podzina@aluksne.lv<\/a><\/p>\n<p>Atra\u0161an\u0101s vieta: \u201eZemen\u012bte\u201d, Strauti\u0146i, Alsvi\u0137u pagasts, Al\u016bksnes novads.<\/p>\n<p>Darba laiks: Pirmdiena\u00a0\u00a0 13:00 \u2013 17:00<\/p>\n<p>\u00a0\u00a0\u00a0\u00a0\u00a0\u00a0\u00a0\u00a0\u00a0\u00a0\u00a0\u00a0\u00a0\u00a0\u00a0\u00a0\u00a0\u00a0\u00a0 Tre\u0161diena\u00a0 \u00a0 13:00 \u2013 17:00<\/p>\n<p>\u00a0\u00a0\u00a0\u00a0\u00a0\u00a0\u00a0\u00a0\u00a0\u00a0\u00a0\u00a0\u00a0\u00a0\u00a0\u00a0\u00a0\u00a0\u00a0 Ceturtdiena 08:00 \u2013 16:00<\/p>\n<p>\u00a0\u00a0\u00a0\u00a0\u00a0\u00a0\u00a0\u00a0\u00a0\u00a0\u00a0\u00a0\u00a0\u00a0\u00a0\u00a0\u00a0\u00a0\u00a0 Piektdiena\u00a0\u00a0 13:00 \u2013 17:00<\/p>\n<p>Pacientu pie\u0146em\u0161anas laiks: Pirmdiena\u00a0\u00a0\u00a0 13:00 \u2013 16:00<\/p>\n<p>\u00a0\u00a0\u00a0\u00a0\u00a0\u00a0\u00a0\u00a0\u00a0\u00a0\u00a0\u00a0\u00a0\u00a0\u00a0\u00a0\u00a0\u00a0\u00a0\u00a0\u00a0\u00a0\u00a0\u00a0\u00a0\u00a0\u00a0\u00a0\u00a0\u00a0\u00a0\u00a0\u00a0\u00a0\u00a0\u00a0\u00a0\u00a0\u00a0\u00a0\u00a0\u00a0\u00a0\u00a0\u00a0 Ceturtdiena\u00a0 09:00 \u2013 15:00\u00a0 \u00a0 \u00a0 \u00a0 \u00a0 \u00a0 \u00a0 \u00a0 \u00a0 \u00a0 \u00a0 \u00a0 \u00a0 \u00a0 \u00a0 \u00a0 \u00a0\u00a0<\/p>\n<h3><strong>Bejas feld\u0161eru &#8211; vecm\u0101\u0161u punkts<\/strong><\/h3>\n<p>Ambulator\u0101 dienesta \u0101rsta pal\u012bgs \u0100rija Simanovi\u010da<\/p>\n<p>T\u0101lrunis: +371 29398438, e-pasts: <a href=\"mailto:arija.simanovica@aluksne.lv\">arija.simanovica@aluksne.lv<\/a><\/p>\n<p>Atra\u0161an\u0101s vieta: \u201eR\u016b\u0137i\u201d, Beja, Jaunal\u016bksnes pagasts, Al\u016bksnes novads.<\/p>\n<p>Darba laiks: Pirmdiena\u00a0\u00a0 08:00 \u2013 16:00<\/p>\n<p>\u00a0\u00a0\u00a0\u00a0\u00a0\u00a0\u00a0\u00a0\u00a0\u00a0\u00a0\u00a0\u00a0\u00a0\u00a0\u00a0\u00a0\u00a0\u00a0 Otrdiena\u00a0\u00a0\u00a0\u00a0\u00a0 08:00 \u2013 16:00<\/p>\n<p>\u00a0\u00a0\u00a0\u00a0\u00a0\u00a0\u00a0\u00a0\u00a0\u00a0\u00a0\u00a0\u00a0\u00a0\u00a0\u00a0\u00a0\u00a0\u00a0 Piektdiena\u00a0\u00a0 08:00 \u2013 12:00<\/p>\n<p>Pacientu pie\u0146em\u0161anas laiks: Pirmdiena 08:00 \u2013 13:00<\/p>\n<p>\u00a0\u00a0\u00a0\u00a0\u00a0\u00a0\u00a0\u00a0\u00a0\u00a0\u00a0\u00a0\u00a0\u00a0\u00a0\u00a0\u00a0\u00a0\u00a0\u00a0\u00a0\u00a0\u00a0\u00a0\u00a0\u00a0\u00a0\u00a0\u00a0\u00a0\u00a0\u00a0\u00a0\u00a0\u00a0\u00a0\u00a0\u00a0\u00a0\u00a0\u00a0\u00a0\u00a0\u00a0\u00a0 Tre\u0161diena\u00a0 08:00 \u2013 13:00<\/p>\n<h3><strong>M\u0101rkalnes feld\u0161eru punkts<\/strong><\/h3>\n<p>Ambulator\u0101 dienesta \u0101rsta pal\u012bgs \u0100rija Simanovi\u010da<\/p>\n<p>T\u0101lrunis: +371 29398438, e-pasts: <a href=\"mailto:arija.simanovica@aluksne.lv\">arija.simanovica@aluksne.lv<\/a><\/p>\n<p>Atra\u0161an\u0101s vieta: \u201eP\u016bc\u012bte\u201d, M\u0101rkalne, M\u0101rkalnes pagasts, Al\u016bksnes novads.<\/p>\n<p>Darba laiks: Otrdiena\u00a0\u00a0\u00a0\u00a0\u00a0 08:00 \u2013 13:00<\/p>\n<p>\u00a0\u00a0\u00a0\u00a0\u00a0\u00a0\u00a0\u00a0\u00a0\u00a0\u00a0\u00a0\u00a0\u00a0\u00a0\u00a0\u00a0\u00a0\u00a0 Ceturtdiena\u00a0 08:00 \u2013 13:00<\/p>\n<p>Pacientu pie\u0146em\u0161anas laiks: Otrdiena\u00a0 \u00a0 \u00a0 08:00 \u2013 16:00<\/p>\n<p>\u00a0\u00a0\u00a0\u00a0\u00a0\u00a0\u00a0\u00a0\u00a0\u00a0\u00a0\u00a0\u00a0\u00a0\u00a0\u00a0\u00a0\u00a0\u00a0\u00a0\u00a0\u00a0\u00a0\u00a0\u00a0\u00a0\u00a0\u00a0\u00a0\u00a0\u00a0\u00a0\u00a0\u00a0\u00a0\u00a0\u00a0\u00a0\u00a0\u00a0\u00a0\u00a0\u00a0\u00a0\u00a0 Ceturtdiena\u00a0 08:00 \u2013 16:00<\/p>\n<p>\u00a0\u00a0\u00a0\u00a0\u00a0\u00a0\u00a0\u00a0\u00a0\u00a0\u00a0\u00a0\u00a0\u00a0\u00a0\u00a0\u00a0\u00a0\u00a0\u00a0\u00a0\u00a0\u00a0\u00a0\u00a0\u00a0\u00a0\u00a0\u00a0\u00a0\u00a0\u00a0\u00a0\u00a0\u00a0\u00a0\u00a0\u00a0\u00a0\u00a0\u00a0\u00a0\u00a0\u00a0\u00a0 Piektdiena\u00a0\u00a0\u00a0 12:30 \u2013 16:30<\/p>\n<h3><strong>Ilzenes feld\u0161eru punkts<\/strong><\/h3>\n<p>Ambulator\u0101 dienesta \u0101rsta pal\u012bgs Iluta Medne<\/p>\n<p>T\u0101lrunis: +371 28652878, e-pasts: <a href=\"mailto:iluta.medne@aluksne.lv\">iluta.medne@aluksne.lv<\/a><\/p>\n<p>Atra\u0161an\u0101s vieta: \u201eDailes\u201d, Ilzenes pagasts, Al\u016bksnes novads.<\/p>\n<p>Pacientu pie\u0146em\u0161anas laiks: Tre\u0161diena\u00a0\u00a0\u00a0\u00a0 09:00 \u2013 13:00\u00a0 \u00a0 \u00a0 \u00a0 \u00a0 \u00a0 \u00a0 \u00a0 \u00a0 \u00a0 \u00a0 \u00a0 \u00a0 \u00a0 \u00a0 \u00a0 \u00a0 \u00a0<\/p>\n<h3><strong>Kalncempju feld\u0161eru &#8211; vecm\u0101\u0161u punkts<\/strong><\/h3>\n<p>Ambulator\u0101 dienesta \u0101rsta pal\u012bgs M\u0101r\u012bte V\u0113rse<\/p>\n<p>T\u0101lrunis: +371 26456340<\/p>\n<p>Atra\u0161an\u0101s vieta: &#8220;Cempji &#8211; 2\u201d, Kalncempji, Kalncempju pagasts, Al\u016bksnes novads.<\/p>\n<p>Darba laiks: Tre\u0161diena\u00a0 09:00 \u2013 12:00 13:00 &#8211; 20:00<\/p>\n<h3><strong>Pededzes lauku ambulance<\/strong><\/h3>\n<p>Ambulator\u0101 dienesta \u0101rsta pal\u012bgs Ginta Pried\u012bte<\/p>\n<p>T\u0101lrunis: +371 64324334; +371 22114042, e-pasts: <a href=\"mailto:ginta.priedite@aluksne.lv\">ginta.priedite@aluksne.lv<\/a><\/p>\n<p>Atra\u0161an\u0101s vieta: \u201eKrustceles\u201d, Pededze, Pededzes pagasts, Al\u016bksnes novads.<\/p>\n<p>Darba laiks: Pirmdiena\u00a0\u00a0 08:00 \u2013 16:30<\/p>\n<p>\u00a0\u00a0\u00a0\u00a0\u00a0\u00a0\u00a0\u00a0\u00a0\u00a0\u00a0\u00a0\u00a0\u00a0\u00a0\u00a0\u00a0\u00a0\u00a0 Otrdiena\u00a0\u00a0\u00a0\u00a0\u00a0 09:00 \u2013 12:00<\/p>\n<p>\u00a0\u00a0\u00a0\u00a0\u00a0\u00a0\u00a0\u00a0\u00a0\u00a0\u00a0\u00a0\u00a0\u00a0\u00a0\u00a0\u00a0\u00a0\u00a0 Ceturtdiena\u00a0 08:00 \u2013 16:30<\/p>\n","protected":false},"excerpt":{"rendered":"<p>\u0122imenes \u0101rstu prakses vietas Aritas Prindules \u0123imenes \u0101rsta prakses vieta Jaunlaicenes pagast\u0101 \u00a0Aritas Prindules \u0123imenes \u0101rsta prakses vieta atrodas Jaunlaicenes pagasta \u201eRieksti\u0146os\u201d. Ir pieejama p\u0101rvietojama uzbrauktuve. Pacients, piesakoties uz viz\u012bti pie \u0123imenes \u0101rsta, inform\u0113 person\u0101lu par funkcion\u0101liem trauc\u0113jumiem. Ierodoties uz&#8230;<br \/><a class=\"read-more-button\" href=\"https:\/\/aluksne.lv\/index.php\/sabiedriba\/veselibas-aprupe\/informacija-pacientiem-ar-funkcionaliem-traucejumiem-par-iespeju-sanemt-sniegtos-veselibas-aprupes-pakalpojumus\/\">Las\u012bt visu<\/a><\/p>\n","protected":false},"author":1,"featured_media":0,"parent":431,"menu_order":0,"comment_status":"closed","ping_status":"closed","template":"","meta":{"_crdt_document":"","_monsterinsights_skip_tracking":false,"_monsterinsights_sitenote_active":false,"_monsterinsights_sitenote_note":"","_monsterinsights_sitenote_category":0,"footnotes":"","_links_to":"","_links_to_target":""},"class_list":["post-7702","page","type-page","status-publish","hentry"],"_links":{"self":[{"href":"https:\/\/aluksne.lv\/index.php\/wp-json\/wp\/v2\/pages\/7702","targetHints":{"allow":["GET"]}}],"collection":[{"href":"https:\/\/aluksne.lv\/index.php\/wp-json\/wp\/v2\/pages"}],"about":[{"href":"https:\/\/aluksne.lv\/index.php\/wp-json\/wp\/v2\/types\/page"}],"author":[{"embeddable":true,"href":"https:\/\/aluksne.lv\/index.php\/wp-json\/wp\/v2\/users\/1"}],"replies":[{"embeddable":true,"href":"https:\/\/aluksne.lv\/index.php\/wp-json\/wp\/v2\/comments?post=7702"}],"version-history":[{"count":0,"href":"https:\/\/aluksne.lv\/index.php\/wp-json\/wp\/v2\/pages\/7702\/revisions"}],"up":[{"embeddable":true,"href":"https:\/\/aluksne.lv\/index.php\/wp-json\/wp\/v2\/pages\/431"}],"wp:attachment":[{"href":"https:\/\/aluksne.lv\/index.php\/wp-json\/wp\/v2\/media?parent=7702"}],"curies":[{"name":"wp","href":"https:\/\/api.w.org\/{rel}","templated":true}]}}