{"id":799,"date":"2016-05-10T07:45:24","date_gmt":"2016-05-10T07:45:24","guid":{"rendered":"http:\/\/aluksne.lv\/jauna1\/?page_id=799"},"modified":"2026-02-05T09:43:39","modified_gmt":"2026-02-05T07:43:39","slug":"muzeji","status":"publish","type":"page","link":"https:\/\/aluksne.lv\/index.php\/kultura\/muzeji\/","title":{"rendered":"Al\u016bksnes novada muzejs"},"content":{"rendered":"<div id=\"pl-799\"  class=\"panel-layout\" ><div id=\"pg-799-0\"  class=\"panel-grid panel-no-style\" ><div id=\"pgc-799-0-0\"  class=\"panel-grid-cell\" ><div id=\"panel-799-0-0-0\" class=\"so-panel widget widget_sow-editor panel-first-child panel-last-child\" data-index=\"0\" ><div\n\t\t\t\n\t\t\tclass=\"so-widget-sow-editor so-widget-sow-editor-base\"\n\t\t\t\n\t\t>\n<div class=\"siteorigin-widget-tinymce textwidget\">\n\t<p>&nbsp;<\/p>\n<p><span style=\"font-size: 12pt;\"><strong>AL\u016aKSNES NOVADA MUZEJS<\/strong><br \/>\n<\/span><span style=\"font-size: 12pt;\">Pils iela 74, Al\u016bksne, Al\u016bksnes novads, LV-4301<br \/>\n<\/span><span style=\"font-size: 12pt;\">T\u012bmek\u013cvietne:<a href=\"http:\/\/aluksnespils.lv\/\">\u00a0http:\/\/aluksnespils.lv\/\u00a0<\/a><br \/>\neAdrese: _DEFAULT@40900006585<br \/>\n<\/span><\/p>\n<p>&nbsp;<\/p>\n<p><span style=\"font-size: 12pt;\">Direktore: Zanda PAVLOVA<br \/>\n<\/span><span style=\"font-size: 12pt;\">muzejs@aluksne.lv; zanda.pavlova@aluksne.lv<br \/>\n<\/span><span style=\"font-size: 12pt;\">T\u0101lru\u0146i 64381321; 29205295<\/span><\/p>\n<p><span style=\"font-size: 12pt;\">Galven\u0101 kr\u0101juma glab\u0101t\u0101ja: Linda LEVANE<br \/>\nmuzejs.krajums@aluksne.lv<br \/>\nT\u0101lrunis 64381324<br \/>\n<\/span><\/p>\n<p><span style=\"font-size: 12pt;\"> Kr\u0101juma glab\u0101t\u0101js: Didzis EGL\u012aTIS<br \/>\n<\/span><span style=\"font-size: 12pt;\">didzis.eglitis@aluksne.lv<br \/>\n<\/span><span style=\"font-size: 12pt;\">T\u0101lrunis 64381324<\/span><\/p>\n<p><span style=\"font-size: 12pt;\">V\u0113sturnieks: Ernests STROINOVS<br \/>\nernests.stroinovs@aluksne.lv<br \/>\n<\/span><span style=\"font-size: 12pt;\">T\u0101lrunis 64381324<\/span><\/p>\n<p><span style=\"font-size: 12pt;\">Ekspoz\u012bciju un izst\u0101\u017eu kuratore: Linda AP\u0160USALA<br \/>\n<\/span><span style=\"font-size: 12pt;\">linda.apsusala@aluksne.lv<br \/>\n<\/span><span style=\"font-size: 12pt;\">T\u0101lrunis 64381324<\/span><\/p>\n<p><span style=\"font-size: 12pt;\">Izgl\u012btojo\u0161\u0101 darba un darba ar apmekl\u0113t\u0101jiem speci\u0101lists:<br \/>\n<\/span><span style=\"font-size: 12pt;\"><br \/>\n<\/span><span style=\"font-size: 12pt;\">T\u0101lru\u0146i 64381321; 25665538<\/span><\/p>\n<p><span style=\"font-size: 12pt;\">Klientu apkalpo\u0161anas speci\u0101liste: Linda UP\u012aTE<br \/>\n<\/span><span style=\"font-size: 12pt;\">muzejs.info@aluksne.lv<br \/>\nT\u0101lru\u0146i 64381321; 25665538<\/span><\/p>\n<p style=\"text-align: center;\"><span style=\"font-size: 12pt;\"><strong>AL\u016aKSNES NOVADA MUZEJA STRUKT\u016aRVIEN\u012aBAS<\/strong><\/span><\/p>\n<table class=\"pienem\" style=\"width: 90.4372%;\">\n<tbody>\n<tr>\n<td class=\"tabula_forma_augsa\" style=\"width: 24.4536%;\" valign=\"top\" width=\"159\"><strong><span style=\"color: #000000;\"><span style=\"font-size: 16px;\">Strukt\u016brvien\u012bba<br \/>\n<\/span><\/span><\/strong><\/td>\n<td class=\"tabula_forma_augsa\" style=\"width: 37.2319%;\" valign=\"top\" width=\"257\"><strong><span style=\"color: #000000;\"><span style=\"font-size: 16px;\">Kontakti<\/span><\/span><\/strong><\/td>\n<td class=\"tabula_forma_augsa\" style=\"width: 28.1929%;\" valign=\"top\" width=\"200\"><strong><span style=\"color: #000000;\"><span style=\"font-size: 16px;\">Atra\u0161an\u0101s vietas adrese<\/span><\/span><\/strong><\/td>\n<\/tr>\n<tr>\n<td style=\"width: 24.4536%;\" valign=\"top\" width=\"159\"><strong><span style=\"color: #000000;\"><span style=\"font-size: 16px;\">Jaunlaicenes mui\u017eas muzejs \u201cMal\u0113nie\u0161a pasaule\u201d<\/span><\/span><\/strong><\/td>\n<td style=\"width: 37.2319%;\" valign=\"top\" width=\"257\"><span style=\"color: #000000;\"><span style=\"font-size: 16px;\">Strukt\u016brvien\u012bbas vad\u012bt\u0101ja: Krist\u012bne KUROPATKINA<br \/>\nT\u0101lrunis: 29356277<br \/>\ne-pasts:\u00a0<span class=\"blue_edit\">jaunlaicenesmuzejs@aluksne.lv<br \/>\n<\/span><\/span><\/span><span style=\"color: #000000;\"><span style=\"font-size: 16px;\">T\u012bmek\u013cvietne: <a href=\"https:\/\/www.jaunlaicenesmuzejs.lv\/\">https:\/\/www.jaunlaicenesmuzejs.lv\/<\/a><\/span><\/span><\/td>\n<td style=\"width: 28.1929%;\" valign=\"top\" width=\"200\"><span style=\"color: #000000;\"><span style=\"font-size: 16px;\">\u201eDravnieki\u201d, Jaunlaicenes pagasts, Al\u016bksnes novads,<br \/>\nLV-4336<\/span><\/span><\/td>\n<\/tr>\n<tr>\n<td style=\"width: 24.4536%;\"><span style=\"color: #000000;\"><span style=\"font-size: 16px;\">\u00a0<\/span><\/span><\/td>\n<td style=\"width: 37.2319%;\"><span style=\"color: #000000;\"><span style=\"font-size: 16px;\"><span style=\"font-size: 12pt;\">Izgl\u012btojo\u0161\u0101 darba un darba ar apmekl\u0113t\u0101jiem speci\u0101liste: Evita ZEILE<br \/>\nT\u0101lrunis: 29356277<br \/>\ne-pasts: jaunlaicenesmuzejs@aluksne.lv<\/span><br \/>\n<\/span><\/span><\/td>\n<td style=\"width: 28.1929%;\"><span style=\"color: #000000;\"><span style=\"font-size: 16px;\">\u00a0<\/span><\/span><\/td>\n<\/tr>\n<tr>\n<td style=\"width: 24.4536%;\"><span style=\"color: #000000;\"><span style=\"font-size: 16px;\">\u00a0<\/span><\/span><\/td>\n<td style=\"width: 37.2319%;\"><span style=\"color: #000000;\"><span style=\"font-size: 16px;\">Kr\u0101juma glab\u0101t\u0101ja: Liene LOGINA<br \/>\nT\u0101lrunis: 29356277<br \/>\ne-pasts: jaunlaicene.krajums@aluksne.lv<br \/>\n<\/span><\/span><\/td>\n<td style=\"width: 28.1929%;\"><span style=\"color: #000000;\"><span style=\"font-size: 16px;\">\u00a0<\/span><\/span><\/td>\n<\/tr>\n<tr>\n<td style=\"width: 24.4536%;\" valign=\"top\" width=\"159\"><strong><span style=\"font-size: 16px;\"><span style=\"color: #000000;\">Viktora \u0136irpa Ates muzejs \"Vidzemes lauku s\u0113ta\"<\/span><\/span><\/strong><\/td>\n<td style=\"width: 37.2319%;\" valign=\"top\" width=\"257\"><span style=\"color: #000000;\"><span style=\"font-size: 16px;\">Strukt\u016brvien\u012bbas vad\u012bt\u0101ja Jolanta BALDI\u0145A<br \/>\n<\/span><\/span><span style=\"color: #000000;\"><span style=\"font-size: 16px;\">T\u0101lrunis: 26563597<br \/>\ne-pasts:\u00a0<span class=\"blue_edit\">atesmuzejs@aluksne.lv<br \/>\n<\/span><\/span><\/span><span style=\"color: #000000;\"><span style=\"font-size: 16px;\">T\u012bmek\u013cvietne: <a href=\"https:\/\/atesmuzejs.lv\/\" target=\"_blank\" rel=\"noopener\">https:\/\/atesmuzejs.lv\/<\/a><\/span><\/span><\/td>\n<td style=\"width: 28.1929%;\" valign=\"top\" width=\"200\"><span style=\"color: #000000;\"><span style=\"font-size: 16px;\">Ate, Annas pagasts, Al\u016bksnes novads, LV-4341<\/span><\/span><\/td>\n<\/tr>\n<tr>\n<td style=\"width: 24.4536%;\"><span style=\"font-size: 16px;\"><span style=\"color: #000000;\">\u00a0<\/span><\/span><\/td>\n<td style=\"width: 37.2319%;\"><span style=\"color: #000000;\"><span style=\"color: #000000;\"><span style=\"font-size: 16px;\">Izgl\u012btojo\u0161\u0101 darba un darba ar apmekl\u0113t\u0101jiem speci\u0101liste: L\u012bga LIELMANE<br \/>\n<span style=\"color: #000000;\">T\u0101lrunis: 25664436<br \/>\ne-pasts: liga.lielmane@aluksne.lv<\/span><\/span><\/span><\/span><\/td>\n<td style=\"width: 28.1929%;\"><span style=\"color: #000000;\"><span style=\"font-size: 16px;\">\u00a0<\/span><\/span><\/td>\n<\/tr>\n<\/tbody>\n<\/table>\n<\/div>\n<\/div><\/div><\/div><div id=\"pgc-799-0-1\"  class=\"panel-grid-cell\" >\t\t<style type=\"text\/css\">\n\t\t\t#accordeconck1 { margin:0;padding:0; }\n#accordeconck1 .accordeonck_desc { display:block; }\n#accordeconck1 li.accordeonck { list-style: none;overflow: hidden; margin: 0;}\n#accordeconck1 ul[class^=\"content\"] { margin:0;padding:0;width:auto; }\n#accordeconck1 li.accordeonck > span { position: relative; display: block; }\n#accordeconck1 li.accordeonck.parent > span { padding-right: 20px;}\n#accordeconck1 li.parent > span span.toggler_icon { position: absolute; cursor: pointer; display: block; height: 100%; z-index: 10;right:0; background: url(https:\/\/aluksne.lv\/wp-content\/plugins\/accordeon-menu-ck\/images\/plus.png) center center no-repeat !important;width: 20px;}\n#accordeconck1 li.parent.open > span span.toggler_icon { right:0; background: url(https:\/\/aluksne.lv\/wp-content\/plugins\/accordeon-menu-ck\/images\/minus.png) center center no-repeat !important;}\n#accordeconck1 li.accordeonck.level2 > span { }\n#accordeconck1 li.level3 li.accordeonck > span { }\n#accordeconck1 a.accordeonck { display: block;text-decoration: none; }\n#accordeconck1 a.accordeonck:hover { text-decoration: none; }\n#accordeconck1 li.parent > span a { display: block;outline: none; }\n#accordeconck1 li.parent.open > span a {  }\n#accordeconck1 li.level2.parent > span span.toggler_icon { right:0;display: block;outline: none;background: url(https:\/\/aluksne.lv\/wp-content\/plugins\/accordeon-menu-ck\/images\/plus.png) center center no-repeat !important; }\n#accordeconck1 li.level2.parent.open > span span.toggler_icon { background: url(https:\/\/aluksne.lv\/wp-content\/plugins\/accordeon-menu-ck\/images\/minus.png) center center no-repeat !important; }\n#accordeconck1 li.level2 li.accordeonck.parent > span span.toggler_icon { right:0;display: block;outline: none;background: url(https:\/\/aluksne.lv\/wp-content\/plugins\/accordeon-menu-ck\/images\/plus.png) center center no-repeat !important; }\n#accordeconck1 li.level2 li.accordeonck.open.parent > span span.toggler_icon { background: url(https:\/\/aluksne.lv\/wp-content\/plugins\/accordeon-menu-ck\/images\/minus.png) center center no-repeat !important; }\n#accordeconck1  {\n\tbackground: #86C2DB;\n\tbackground-size: auto;\tbackground-image: -o-linear-gradient(center top,#86C2DB, #86C2DB 100%);\n\tbackground-image: -webkit-gradient(linear, left top, left bottom,from(#86C2DB), color-stop(100%, #86C2DB));\n\tbackground-image: -moz-linear-gradient(center top,#86C2DB, #86C2DB 100%);\n\tbackground-image: linear-gradient(to bottom,#86C2DB, #86C2DB 100%);\n\tborder-top: none;\n\tborder-bottom: none;\n\tborder-left: none;\n\tborder-right: none;\n\tpadding-top: 5px;\n\tpadding-right: 5px;\n\tpadding-bottom: 5px;\n\tpadding-left: 5px;\n\tfont-family: ;\n}\n\n#accordeconck1  a {\n\tfont-family: ;\n}\n\n#accordeconck1 li.level1 > span a {\n\tcolor: #FFFFFF;\n\tpadding-top: 5px;\n\tpadding-right: 5px;\n\tpadding-bottom: 5px;\n\tpadding-left: 5px;\n\tfont-size: 15px;\n}\n\n#accordeconck1 li.level1 > span a a {\n\tcolor: #FFFFFF;\n\tfont-size: 15px;\n}\n\n#accordeconck1 li.level1 > span .accordeonck_desc {\n\tfont-size: 10px;\n}\n\n#accordeconck1 li.level1 > span .accordeonck_desc a {\n\tfont-size: 10px;\n}\n\n#accordeconck1 li.level1:hover > span a {\n\tcolor: #000000;\n}\n\n#accordeconck1 li.level1:hover > span a a {\n\tcolor: #000000;\n}\n\n#accordeconck1 li.level1 > ul {\n\tbackground-size: auto;\tfont-family: ;\n}\n\n#accordeconck1 li.level1 > ul a {\n\tfont-family: ;\n}\n\n#accordeconck1 li.level2 > span a {\n\tcolor: #636363;\n\tpadding-top: 5px;\n\tpadding-bottom: 5px;\n\tpadding-left: 15px;\n}\n\n#accordeconck1 li.level2 > span a a {\n\tcolor: #636363;\n}\n\n#accordeconck1 li.level2:hover > span a {\n\tcolor: #000000;\n}\n\n#accordeconck1 li.level2:hover > span a a {\n\tcolor: #000000;\n}\n\n#accordeconck1 li.level2 ul[class^=\"content\"] {\n\tbackground-size: auto;\tfont-family: ;\n}\n\n#accordeconck1 li.level2 ul[class^=\"content\"] a {\n\tfont-family: ;\n}\n\n#accordeconck1 li.level2 li.accordeonck > span a {\n\tcolor: #636363;\n\tpadding-top: 2px;\n\tpadding-bottom: 2px;\n\tpadding-left: 20px;\n}\n\n#accordeconck1 li.level2 li.accordeonck > span a a {\n\tcolor: #636363;\n}\n\n#accordeconck1 li.level2 li.accordeonck:hover > span a {\n\tcolor: #000000;\n}\n\n#accordeconck1 li.level2 li.accordeonck:hover > span a a {\n\tcolor: #000000;\n}\t\t<\/style>\n\t\t<div id=\"panel-799-0-1-0\" class=\"so-panel widget widget_accordeon-menu-ck panel-first-child panel-last-child\" data-index=\"1\" ><ul id=\"accordeconck1\" class=\"menu\"><li id=\"menu-item-2257\" class=\"menu-item menu-item-type-post_type menu-item-object-page accordeonck menu-item-2257 level1\"><span class=\"accordeonck_outer \"><a href=\"https:\/\/aluksne.lv\/index.php\/kultura\/aluksnes-kulturas-centrs\/\" class=\"accordeonck\">Al\u016bksnes novada Kult\u016bras centrs<\/a><\/span><\/li>\n<li id=\"menu-item-2259\" class=\"menu-item menu-item-type-post_type menu-item-object-page accordeonck menu-item-2259 level1\"><span class=\"accordeonck_outer \"><a href=\"https:\/\/aluksne.lv\/index.php\/kultura\/bibliotekas\/\" class=\"accordeonck\">Al\u016bksnes novada bibliot\u0113ka<\/a><\/span><\/li>\n<li id=\"menu-item-846\" class=\"menu-item menu-item-type-post_type menu-item-object-page accordeonck menu-item-846 level1\"><span class=\"accordeonck_outer \"><a href=\"https:\/\/aluksne.lv\/index.php\/kultura\/muzeji\/\" class=\"accordeonck\">Al\u016bksnes novada muzejs<\/a><\/span><\/li>\n<li id=\"menu-item-2260\" class=\"menu-item menu-item-type-post_type menu-item-object-page accordeonck menu-item-2260 level1\"><span class=\"accordeonck_outer \"><a href=\"https:\/\/aluksne.lv\/index.php\/kultura\/gada-lielakie-kulturas-pasakumi\/\" class=\"accordeonck\">Al\u016bksnes novada noz\u012bm\u012bg\u0101kie pas\u0101kumi 2026. gad\u0101<\/a><\/span><\/li>\n<li id=\"menu-item-2261\" class=\"menu-item menu-item-type-post_type menu-item-object-page accordeonck menu-item-2261 level1\"><span class=\"accordeonck_outer \"><a href=\"https:\/\/aluksne.lv\/index.php\/kultura\/kulturas-pasakumu-menesa-plans\/\" class=\"accordeonck\">Kult\u016bras pas\u0101kumu m\u0113ne\u0161a pl\u0101ns<\/a><\/span><\/li>\n<\/ul>\t\t<script type=\"text\/javascript\"> <!--\n\t\t\n\t\t\tjQuery(document).ready(function(){\n\t\t\t\tjQuery('#accordeconck1').accordeonmenuck({eventtype : 'click',transition : 'linear',showactive : '1',showactivesubmenu : '0',duree : 500});\n\t\t\t}); \t\t\/\/--> <\/script>\n\t\t<\/div><\/div><\/div><\/div>","protected":false},"excerpt":{"rendered":"<p>&nbsp; AL\u016aKSNES NOVADA MUZEJS Pils iela 74, Al\u016bksne, Al\u016bksnes novads, LV-4301 T\u012bmek\u013cvietne:\u00a0http:\/\/aluksnespils.lv\/\u00a0 eAdrese: _DEFAULT@40900006585 &nbsp; Direktore: Zanda PAVLOVA muzejs@aluksne.lv; zanda.pavlova@aluksne.lv T\u0101lru\u0146i 64381321; 29205295 Galven\u0101 kr\u0101juma glab\u0101t\u0101ja: Linda LEVANE muzejs.krajums@aluksne.lv T\u0101lrunis 64381324 Kr\u0101juma glab\u0101t\u0101js: Didzis EGL\u012aTIS didzis.eglitis@aluksne.lv T\u0101lrunis 64381324 V\u0113sturnieks: Ernests&#8230;<br \/><a class=\"read-more-button\" href=\"https:\/\/aluksne.lv\/index.php\/kultura\/muzeji\/\">Las\u012bt visu<\/a><\/p>\n","protected":false},"author":1,"featured_media":0,"parent":8,"menu_order":0,"comment_status":"closed","ping_status":"closed","template":"","meta":{"_crdt_document":"","_monsterinsights_skip_tracking":false,"_monsterinsights_sitenote_active":false,"_monsterinsights_sitenote_note":"","_monsterinsights_sitenote_category":0,"footnotes":"","_links_to":"","_links_to_target":""},"class_list":["post-799","page","type-page","status-publish","hentry"],"_links":{"self":[{"href":"https:\/\/aluksne.lv\/index.php\/wp-json\/wp\/v2\/pages\/799","targetHints":{"allow":["GET"]}}],"collection":[{"href":"https:\/\/aluksne.lv\/index.php\/wp-json\/wp\/v2\/pages"}],"about":[{"href":"https:\/\/aluksne.lv\/index.php\/wp-json\/wp\/v2\/types\/page"}],"author":[{"embeddable":true,"href":"https:\/\/aluksne.lv\/index.php\/wp-json\/wp\/v2\/users\/1"}],"replies":[{"embeddable":true,"href":"https:\/\/aluksne.lv\/index.php\/wp-json\/wp\/v2\/comments?post=799"}],"version-history":[{"count":4,"href":"https:\/\/aluksne.lv\/index.php\/wp-json\/wp\/v2\/pages\/799\/revisions"}],"predecessor-version":[{"id":60459,"href":"https:\/\/aluksne.lv\/index.php\/wp-json\/wp\/v2\/pages\/799\/revisions\/60459"}],"up":[{"embeddable":true,"href":"https:\/\/aluksne.lv\/index.php\/wp-json\/wp\/v2\/pages\/8"}],"wp:attachment":[{"href":"https:\/\/aluksne.lv\/index.php\/wp-json\/wp\/v2\/media?parent=799"}],"curies":[{"name":"wp","href":"https:\/\/api.w.org\/{rel}","templated":true}]}}