{"id":8,"date":"2015-12-03T11:46:43","date_gmt":"2015-12-03T11:46:43","guid":{"rendered":"http:\/\/aluksne.lv\/jauna\/?page_id=8"},"modified":"2024-04-18T08:50:49","modified_gmt":"2024-04-18T05:50:49","slug":"kultura","status":"publish","type":"page","link":"https:\/\/aluksne.lv\/index.php\/kultura\/","title":{"rendered":"Kult\u016bra"},"content":{"rendered":"<table class=\"hoverTable\">\n<tbody>\n<tr>\n<td width=\"33%\"><a href=\"index.php\/kultura\/aluksnes-kulturas-centrs\/\">AL\u016aKSNES NOVADA KULT\u016aRAS CENTRS<\/a><\/td>\n<td width=\"33%\"><a href=\"index.php\/kultura\/bibliotekas\/\">AL\u016aKSNES NOVADA BIBLIOT\u0112KA<\/a><\/td>\n<\/tr>\n<tr>\n<td width=\"33%\"><a href=\"index.php\/kultura\/muzeji\/\">AL\u016aKSNES NOVADA MUZEJS<\/a><\/td>\n<td width=\"33%\"><a href=\"index.php\/kultura\/gada-lielakie-kulturas-pasakumi\/\">GADA NOZ\u012aM\u012aG\u0100KIE PAS\u0100KUMI<\/a><\/td>\n<\/tr>\n<tr>\n<td width=\"33%\"><a href=\"index.php\/kultura\/kulturas-pasakumu-menesa-plans\/\">KULT\u016aRAS PAS\u0100KUMU M\u0112NE\u0160A PL\u0100NS<\/a><\/td>\n<td width=\"33%\"><a href=\"index.php\/sports\/\">SPORTS<\/a><\/td>\n<\/tr>\n<\/tbody>\n<\/table>\n","protected":false},"excerpt":{"rendered":"<p>AL\u016aKSNES NOVADA KULT\u016aRAS CENTRS AL\u016aKSNES NOVADA BIBLIOT\u0112KA AL\u016aKSNES NOVADA MUZEJS GADA NOZ\u012aM\u012aG\u0100KIE PAS\u0100KUMI KULT\u016aRAS PAS\u0100KUMU M\u0112NE\u0160A PL\u0100NS SPORTS<\/p>\n","protected":false},"author":1,"featured_media":0,"parent":0,"menu_order":0,"comment_status":"closed","ping_status":"closed","template":"","meta":{"_crdt_document":"","_monsterinsights_skip_tracking":false,"_monsterinsights_sitenote_active":false,"_monsterinsights_sitenote_note":"","_monsterinsights_sitenote_category":0,"footnotes":"","_links_to":"","_links_to_target":""},"class_list":["post-8","page","type-page","status-publish","hentry"],"_links":{"self":[{"href":"https:\/\/aluksne.lv\/index.php\/wp-json\/wp\/v2\/pages\/8","targetHints":{"allow":["GET"]}}],"collection":[{"href":"https:\/\/aluksne.lv\/index.php\/wp-json\/wp\/v2\/pages"}],"about":[{"href":"https:\/\/aluksne.lv\/index.php\/wp-json\/wp\/v2\/types\/page"}],"author":[{"embeddable":true,"href":"https:\/\/aluksne.lv\/index.php\/wp-json\/wp\/v2\/users\/1"}],"replies":[{"embeddable":true,"href":"https:\/\/aluksne.lv\/index.php\/wp-json\/wp\/v2\/comments?post=8"}],"version-history":[{"count":0,"href":"https:\/\/aluksne.lv\/index.php\/wp-json\/wp\/v2\/pages\/8\/revisions"}],"wp:attachment":[{"href":"https:\/\/aluksne.lv\/index.php\/wp-json\/wp\/v2\/media?parent=8"}],"curies":[{"name":"wp","href":"https:\/\/api.w.org\/{rel}","templated":true}]}}