{"id":812,"date":"2016-05-10T07:55:46","date_gmt":"2016-05-10T07:55:46","guid":{"rendered":"http:\/\/aluksne.lv\/jauna1\/?page_id=812"},"modified":"2023-04-13T15:58:04","modified_gmt":"2023-04-13T12:58:04","slug":"transports-parvadajumi","status":"publish","type":"page","link":"https:\/\/aluksne.lv\/index.php\/uznemejdarbiba\/informacija-par-uznemejiem\/transports-parvadajumi\/","title":{"rendered":"Transports, p\u0101rvad\u0101jumi"},"content":{"rendered":"<div id=\"pl-812\"  class=\"panel-layout\" ><div id=\"pg-812-0\"  class=\"panel-grid panel-no-style\" ><div id=\"pgc-812-0-0\"  class=\"panel-grid-cell\" ><div id=\"panel-812-0-0-0\" class=\"so-panel widget widget_sow-editor panel-first-child panel-last-child\" data-index=\"0\" ><div\n\t\t\t\n\t\t\tclass=\"so-widget-sow-editor so-widget-sow-editor-base\"\n\t\t\t\n\t\t>\n<div class=\"siteorigin-widget-tinymce textwidget\">\n\t<p>&nbsp;<\/p>\n<table style=\"border-collapse: collapse; width: 100%;\" border=\"1\">\n<tbody>\n<tr>\n<td style=\"width: 50%;\"><img loading=\"lazy\" decoding=\"async\" class=\"wp-image-17676 alignright\" src=\"https:\/\/aluksne.lv\/wp-content\/uploads\/2020\/02\/SIA-OMRA-PLUSS-2.png\" alt=\"\" width=\"384\" height=\"210\" data-id=\"17676\" srcset=\"https:\/\/aluksne.lv\/wp-content\/uploads\/2020\/02\/SIA-OMRA-PLUSS-2.png 1228w, https:\/\/aluksne.lv\/wp-content\/uploads\/2020\/02\/SIA-OMRA-PLUSS-2-300x164.png 300w, https:\/\/aluksne.lv\/wp-content\/uploads\/2020\/02\/SIA-OMRA-PLUSS-2-1024x560.png 1024w, https:\/\/aluksne.lv\/wp-content\/uploads\/2020\/02\/SIA-OMRA-PLUSS-2-768x420.png 768w, https:\/\/aluksne.lv\/wp-content\/uploads\/2020\/02\/SIA-OMRA-PLUSS-2-1170x640.png 1170w\" sizes=\"auto, (max-width: 384px) 100vw, 384px\" \/>SIA OMRA PLUSS<br \/>\nJuridisk\u0101 adrese: \u00a0Al\u016bksnes nov., Al\u016bksne, Pils iela 40 - 12, LV-4301<br \/>\nTelefons: +371 26306124<br \/>\ne-pasts: <a href=\"mailto:omrapluss@inbox.lv\">omrapluss@inbox.lv<\/a><br \/>\nm\u0101jas lapa: <a href=\"http:\/\/www.facebook.com\/OMRAPLUSS\/\">www.facebook.com\/OMRAPLUSS\/<\/a><br \/>\nPakalpojumi: \u00a0Kravu p\u0101rvad\u0101jumi, Me\u017esaimnieciskie pakalpojumi (jaunaud\u017eu kop\u0161ana u.c.)<br \/>\nP\u0113rkam me\u017ea \u012bpa\u0161umus, izstr\u0101d\u0101tus me\u017eus un cirsmas.<\/td>\n<\/tr>\n<\/tbody>\n<\/table>\n<p>&nbsp;<\/p>\n<h2><strong>Taksometru pakalpojumu sniedz\u0113ji:<\/p>\n<p><\/strong><\/h2>\n<p><strong>\u00a0<\/strong><strong>SIA ANDIO<br \/>\n<\/strong><a href=\"tel:+37126611599\">+371 26611599<\/a><br \/>\nDarba laiks: 24h<\/p>\n<p><strong>SIA MIA MAKS<br \/>\n<\/strong><a href=\"tel:+37126368656\">+371 26368656<\/a><br \/>\nDarba laiks: 24h<\/p>\n<p><strong>IK BSV 88<br \/>\n<\/strong><a href=\"tel:+37126410453\">+371 26410453<\/a><br \/>\nDarba laiks: 8-22, br\u012bvdien\u0101s 24h<\/p>\n<p><strong>AIVARS BAUMANIS<br \/>\n<\/strong><a href=\"tel:+37120208845\">+371 20208845<\/a><br \/>\nDarba laiks: 24h<\/p>\n<\/div>\n<\/div><\/div><\/div><div id=\"pgc-812-0-1\"  class=\"panel-grid-cell\" >\t\t<style type=\"text\/css\">\n\t\t\t#accordeconck1 { margin:0;padding:0; }\n#accordeconck1 .accordeonck_desc { display:block; }\n#accordeconck1 li.accordeonck { list-style: none;overflow: hidden; margin: 0;}\n#accordeconck1 ul[class^=\"content\"] { margin:0;padding:0;width:auto; }\n#accordeconck1 li.accordeonck > span { position: relative; display: block; }\n#accordeconck1 li.accordeonck.parent > span { padding-right: 20px;}\n#accordeconck1 li.parent > span span.toggler_icon { position: absolute; cursor: pointer; display: block; height: 100%; z-index: 10;right:0; background: url(https:\/\/aluksne.lv\/wp-content\/plugins\/accordeon-menu-ck\/images\/plus.png) center center no-repeat !important;width: 20px;}\n#accordeconck1 li.parent.open > span span.toggler_icon { right:0; background: url(https:\/\/aluksne.lv\/wp-content\/plugins\/accordeon-menu-ck\/images\/minus.png) center center no-repeat !important;}\n#accordeconck1 li.accordeonck.level2 > span { }\n#accordeconck1 li.level3 li.accordeonck > span { }\n#accordeconck1 a.accordeonck { display: block;text-decoration: none; }\n#accordeconck1 a.accordeonck:hover { text-decoration: none; }\n#accordeconck1 li.parent > span a { display: block;outline: none; }\n#accordeconck1 li.parent.open > span a {  }\n#accordeconck1 li.level2.parent > span span.toggler_icon { right:0;display: block;outline: none;background: url(https:\/\/aluksne.lv\/wp-content\/plugins\/accordeon-menu-ck\/images\/plus.png) center center no-repeat !important; }\n#accordeconck1 li.level2.parent.open > span span.toggler_icon { background: url(https:\/\/aluksne.lv\/wp-content\/plugins\/accordeon-menu-ck\/images\/minus.png) center center no-repeat !important; }\n#accordeconck1 li.level2 li.accordeonck.parent > span span.toggler_icon { right:0;display: block;outline: none;background: url(https:\/\/aluksne.lv\/wp-content\/plugins\/accordeon-menu-ck\/images\/plus.png) center center no-repeat !important; }\n#accordeconck1 li.level2 li.accordeonck.open.parent > span span.toggler_icon { background: url(https:\/\/aluksne.lv\/wp-content\/plugins\/accordeon-menu-ck\/images\/minus.png) center center no-repeat !important; }\n#accordeconck1  {\n\tbackground: #86C2DB;\n\tbackground-size: auto;\tbackground-image: -o-linear-gradient(center top,#86C2DB, #86C2DB 100%);\n\tbackground-image: -webkit-gradient(linear, left top, left bottom,from(#86C2DB), color-stop(100%, #86C2DB));\n\tbackground-image: -moz-linear-gradient(center top,#86C2DB, #86C2DB 100%);\n\tbackground-image: linear-gradient(to bottom,#86C2DB, #86C2DB 100%);\n\tborder-top: none;\n\tborder-bottom: none;\n\tborder-left: none;\n\tborder-right: none;\n\tpadding-top: 5px;\n\tpadding-right: 5px;\n\tpadding-bottom: 5px;\n\tpadding-left: 5px;\n\tfont-family: ;\n}\n\n#accordeconck1  a {\n\tfont-family: ;\n}\n\n#accordeconck1 li.level1 > span a {\n\tcolor: #FFFFFF;\n\tpadding-top: 5px;\n\tpadding-right: 5px;\n\tpadding-bottom: 5px;\n\tpadding-left: 5px;\n\tfont-size: 15px;\n}\n\n#accordeconck1 li.level1 > span a a {\n\tcolor: #FFFFFF;\n\tfont-size: 15px;\n}\n\n#accordeconck1 li.level1 > span .accordeonck_desc {\n\tfont-size: 10px;\n}\n\n#accordeconck1 li.level1 > span .accordeonck_desc a {\n\tfont-size: 10px;\n}\n\n#accordeconck1 li.level1:hover > span a {\n\tcolor: #000000;\n}\n\n#accordeconck1 li.level1:hover > span a a {\n\tcolor: #000000;\n}\n\n#accordeconck1 li.level1 > ul {\n\tbackground-size: auto;\tfont-family: ;\n}\n\n#accordeconck1 li.level1 > ul a {\n\tfont-family: ;\n}\n\n#accordeconck1 li.level2 > span a {\n\tcolor: #636363;\n\tpadding-top: 5px;\n\tpadding-bottom: 5px;\n\tpadding-left: 15px;\n}\n\n#accordeconck1 li.level2 > span a a {\n\tcolor: #636363;\n}\n\n#accordeconck1 li.level2:hover > span a {\n\tcolor: #000000;\n}\n\n#accordeconck1 li.level2:hover > span a a {\n\tcolor: #000000;\n}\n\n#accordeconck1 li.level2 ul[class^=\"content\"] {\n\tbackground-size: auto;\tfont-family: ;\n}\n\n#accordeconck1 li.level2 ul[class^=\"content\"] a {\n\tfont-family: ;\n}\n\n#accordeconck1 li.level2 li.accordeonck > span a {\n\tcolor: #636363;\n\tpadding-top: 2px;\n\tpadding-bottom: 2px;\n\tpadding-left: 20px;\n}\n\n#accordeconck1 li.level2 li.accordeonck > span a a {\n\tcolor: #636363;\n}\n\n#accordeconck1 li.level2 li.accordeonck:hover > span a {\n\tcolor: #000000;\n}\n\n#accordeconck1 li.level2 li.accordeonck:hover > span a a {\n\tcolor: #000000;\n}\t\t<\/style>\n\t\t<div id=\"panel-812-0-1-0\" class=\"so-panel widget widget_accordeon-menu-ck panel-first-child panel-last-child\" data-index=\"1\" ><ul id=\"accordeconck1\" class=\"menu\"><li id=\"menu-item-3330\" class=\"menu-item menu-item-type-post_type menu-item-object-page accordeonck menu-item-3330 level1\"><span class=\"accordeonck_outer \"><a href=\"https:\/\/aluksne.lv\/index.php\/uznemejdarbiba\/informacija-par-uznemejiem\/apdrosinasana\/\" class=\"accordeonck\">Apdro\u0161in\u0101\u0161ana<\/a><\/span><\/li>\n<li id=\"menu-item-1789\" class=\"menu-item menu-item-type-post_type menu-item-object-page accordeonck menu-item-1789 level1\"><span class=\"accordeonck_outer \"><a href=\"https:\/\/aluksne.lv\/index.php\/uznemejdarbiba\/informacija-par-uznemejiem\/celtnieciba\/\" class=\"accordeonck\">Celtniec\u012bba, energopakalpojumi<\/a><\/span><\/li>\n<li id=\"menu-item-3346\" class=\"menu-item menu-item-type-post_type menu-item-object-page accordeonck menu-item-3346 level1\"><span class=\"accordeonck_outer \"><a href=\"https:\/\/aluksne.lv\/index.php\/uznemejdarbiba\/informacija-par-uznemejiem\/dizains\/\" class=\"accordeonck\">Dizains<\/a><\/span><\/li>\n<li id=\"menu-item-3118\" class=\"menu-item menu-item-type-post_type menu-item-object-page accordeonck menu-item-3118 level1\"><span class=\"accordeonck_outer \"><a href=\"https:\/\/aluksne.lv\/index.php\/uznemejdarbiba\/edinasanas-pakalpojumi\/\" class=\"accordeonck\">\u0112din\u0101\u0161anas pakalpojumi<\/a><\/span><\/li>\n<li id=\"menu-item-3818\" class=\"menu-item menu-item-type-post_type menu-item-object-page accordeonck menu-item-3818 level1\"><span class=\"accordeonck_outer \"><a href=\"https:\/\/aluksne.lv\/index.php\/uznemejdarbiba\/informacija-par-uznemejiem\/galdnieciba\/\" class=\"accordeonck\">Galdniec\u012bba<\/a><\/span><\/li>\n<li id=\"menu-item-1791\" class=\"menu-item menu-item-type-post_type menu-item-object-page accordeonck menu-item-1791 level1\"><span class=\"accordeonck_outer \"><a href=\"https:\/\/aluksne.lv\/index.php\/uznemejdarbiba\/informacija-par-uznemejiem\/izglitibas-pakalpojumi\/\" class=\"accordeonck\">Izgl\u012bt\u012bbas pakalpojumi<\/a><\/span><\/li>\n<li id=\"menu-item-1787\" class=\"menu-item menu-item-type-post_type menu-item-object-page accordeonck menu-item-1787 level1\"><span class=\"accordeonck_outer \"><a href=\"https:\/\/aluksne.lv\/index.php\/uznemejdarbiba\/informacija-par-uznemejiem\/kokapstrade\/\" class=\"accordeonck\">Kokapstr\u0101de<\/a><\/span><\/li>\n<li id=\"menu-item-1786\" class=\"menu-item menu-item-type-post_type menu-item-object-page accordeonck menu-item-1786 level1\"><span class=\"accordeonck_outer \"><a href=\"https:\/\/aluksne.lv\/index.php\/uznemejdarbiba\/informacija-par-uznemejiem\/lauksaimnieciba\/\" class=\"accordeonck\">Lauksaimniec\u012bba<\/a><\/span><\/li>\n<li id=\"menu-item-1794\" class=\"menu-item menu-item-type-post_type menu-item-object-page accordeonck menu-item-1794 level1\"><span class=\"accordeonck_outer \"><a href=\"https:\/\/aluksne.lv\/index.php\/uznemejdarbiba\/informacija-par-uznemejiem\/majrazotaji\/\" class=\"accordeonck\">M\u0101jra\u017eot\u0101ji<\/a><\/span><\/li>\n<li id=\"menu-item-3842\" class=\"menu-item menu-item-type-post_type menu-item-object-page accordeonck menu-item-3842 level1\"><span class=\"accordeonck_outer \"><a href=\"https:\/\/aluksne.lv\/index.php\/uznemejdarbiba\/informacija-par-uznemejiem\/3834-2\/\" class=\"accordeonck\">Met\u0101lapstr\u0101de<\/a><\/span><\/li>\n<li id=\"menu-item-3205\" class=\"menu-item menu-item-type-post_type menu-item-object-page accordeonck menu-item-3205 level1\"><span class=\"accordeonck_outer \"><a href=\"https:\/\/aluksne.lv\/index.php\/uznemejdarbiba\/informacija-par-uznemejiem\/naktsmitnes\/\" class=\"accordeonck\">Naktsm\u012btnes<\/a><\/span><\/li>\n<li id=\"menu-item-3809\" class=\"menu-item menu-item-type-post_type menu-item-object-page accordeonck menu-item-3809 level1\"><span class=\"accordeonck_outer \"><a href=\"https:\/\/aluksne.lv\/index.php\/uznemejdarbiba\/informacija-par-uznemejiem\/partika-2\/\" class=\"accordeonck\">P\u0101rtika<\/a><\/span><\/li>\n<li id=\"menu-item-1788\" class=\"menu-item menu-item-type-post_type menu-item-object-page accordeonck menu-item-1788 level1\"><span class=\"accordeonck_outer \"><a href=\"https:\/\/aluksne.lv\/index.php\/uznemejdarbiba\/informacija-par-uznemejiem\/transports-parvadajumi\/\" class=\"accordeonck\">Transports, p\u0101rvad\u0101jumi<\/a><\/span><\/li>\n<li id=\"menu-item-1793\" class=\"menu-item menu-item-type-post_type menu-item-object-page accordeonck menu-item-1793 level1\"><span class=\"accordeonck_outer \"><a href=\"https:\/\/aluksne.lv\/index.php\/uznemejdarbiba\/informacija-par-uznemejiem\/tirdznieciba\/\" class=\"accordeonck\">Tirdzniec\u012bba<\/a><\/span><\/li>\n<li id=\"menu-item-1792\" class=\"menu-item menu-item-type-post_type menu-item-object-page accordeonck menu-item-1792 level1\"><span class=\"accordeonck_outer \"><a href=\"https:\/\/aluksne.lv\/index.php\/uznemejdarbiba\/informacija-par-uznemejiem\/veseliba-un-skaistumkopsana\/\" class=\"accordeonck\">Vesel\u012bba un skaistumkop\u0161ana<\/a><\/span><\/li>\n<li id=\"menu-item-1795\" class=\"menu-item menu-item-type-post_type menu-item-object-page accordeonck menu-item-1795 level1\"><span class=\"accordeonck_outer \"><a href=\"https:\/\/aluksne.lv\/index.php\/uznemejdarbiba\/informacija-par-uznemejiem\/citi\/\" class=\"accordeonck\">Citi<\/a><\/span><\/li>\n<\/ul>\t\t<script type=\"text\/javascript\"> <!--\n\t\t\n\t\t\tjQuery(document).ready(function(){\n\t\t\t\tjQuery('#accordeconck1').accordeonmenuck({eventtype : 'click',transition : 'linear',showactive : '1',showactivesubmenu : '0',duree : 500});\n\t\t\t}); \t\t\/\/--> <\/script>\n\t\t<\/div><\/div><\/div><\/div>","protected":false},"excerpt":{"rendered":"<p>&nbsp; SIA OMRA PLUSS Juridisk\u0101 adrese: \u00a0Al\u016bksnes nov., Al\u016bksne, Pils iela 40 &#8211; 12, LV-4301 Telefons: +371 26306124 e-pasts: omrapluss@inbox.lv m\u0101jas lapa: www.facebook.com\/OMRAPLUSS\/ Pakalpojumi: \u00a0Kravu p\u0101rvad\u0101jumi, Me\u017esaimnieciskie pakalpojumi (jaunaud\u017eu kop\u0161ana u.c.) P\u0113rkam me\u017ea \u012bpa\u0161umus, izstr\u0101d\u0101tus me\u017eus un cirsmas. &nbsp; Taksometru&#8230;<br \/><a class=\"read-more-button\" href=\"https:\/\/aluksne.lv\/index.php\/uznemejdarbiba\/informacija-par-uznemejiem\/transports-parvadajumi\/\">Las\u012bt visu<\/a><\/p>\n","protected":false},"author":1,"featured_media":0,"parent":471,"menu_order":0,"comment_status":"closed","ping_status":"closed","template":"","meta":{"_crdt_document":"","_monsterinsights_skip_tracking":false,"_monsterinsights_sitenote_active":false,"_monsterinsights_sitenote_note":"","_monsterinsights_sitenote_category":0,"footnotes":"","_links_to":"","_links_to_target":""},"class_list":["post-812","page","type-page","status-publish","hentry"],"_links":{"self":[{"href":"https:\/\/aluksne.lv\/index.php\/wp-json\/wp\/v2\/pages\/812","targetHints":{"allow":["GET"]}}],"collection":[{"href":"https:\/\/aluksne.lv\/index.php\/wp-json\/wp\/v2\/pages"}],"about":[{"href":"https:\/\/aluksne.lv\/index.php\/wp-json\/wp\/v2\/types\/page"}],"author":[{"embeddable":true,"href":"https:\/\/aluksne.lv\/index.php\/wp-json\/wp\/v2\/users\/1"}],"replies":[{"embeddable":true,"href":"https:\/\/aluksne.lv\/index.php\/wp-json\/wp\/v2\/comments?post=812"}],"version-history":[{"count":0,"href":"https:\/\/aluksne.lv\/index.php\/wp-json\/wp\/v2\/pages\/812\/revisions"}],"up":[{"embeddable":true,"href":"https:\/\/aluksne.lv\/index.php\/wp-json\/wp\/v2\/pages\/471"}],"wp:attachment":[{"href":"https:\/\/aluksne.lv\/index.php\/wp-json\/wp\/v2\/media?parent=812"}],"curies":[{"name":"wp","href":"https:\/\/api.w.org\/{rel}","templated":true}]}}