{"id":824,"date":"2016-05-10T07:58:37","date_gmt":"2016-05-10T07:58:37","guid":{"rendered":"http:\/\/aluksne.lv\/jauna1\/?page_id=824"},"modified":"2022-03-25T09:30:05","modified_gmt":"2022-03-25T07:30:05","slug":"citi","status":"publish","type":"page","link":"https:\/\/aluksne.lv\/index.php\/uznemejdarbiba\/informacija-par-uznemejiem\/citi\/","title":{"rendered":"Citi"},"content":{"rendered":"<div id=\"pl-824\"  class=\"panel-layout\" ><div id=\"pg-824-0\"  class=\"panel-grid panel-no-style\" ><div id=\"pgc-824-0-0\"  class=\"panel-grid-cell\" ><div id=\"panel-824-0-0-0\" class=\"so-panel widget widget_sow-editor panel-first-child panel-last-child\" data-index=\"0\" ><div\n\t\t\t\n\t\t\tclass=\"so-widget-sow-editor so-widget-sow-editor-base\"\n\t\t\t\n\t\t>\n<div class=\"siteorigin-widget-tinymce textwidget\">\n\t<p>&nbsp;<\/p>\n<div style=\"overflow-x: auto;\">\n<table>\n<tbody>\n<tr>\n<td><strong>SIA DAS PAKALPOJUMI<\/strong><br \/>\nAdrese: Valdlau\u010du iela 5- 350, R\u012bga, LV-1076<br \/>\nKontakti<br \/>\ne-pasts: <a href=\"mailto:info@dasp.lv\">info@dasp.lv<\/a><br \/>\nm\u0101jaslapa: <a href=\"http:\/\/www.dasp.lv\">www.dasp.lv<\/a><br \/>\n<a href=\"http:\/\/www.facebook.com\/dasp.lv\/\">www.facebook.com\/dasp.lv\/<\/a><strong>\u00a0<\/strong><\/td>\n<td><strong>Pakalpojumi:<br \/>\n<\/strong>Uz\u0146\u0113mumiem pied\u0101v\u0101jam izstr\u0101d\u0101t darba aizsardz\u012bbas\/ ugunsdro\u0161\u012bbas dokument\u0101ciju.<br \/>\n(Darba vides risku v\u0113rt\u0113jumi, prevent\u012bvo pas\u0101kumu pl\u0101nu izstr\u0101de, oblig\u0101to vesel\u012bbas p\u0101rbau\u017eu organiz\u0113\u0161ana, nodarbin\u0101to apm\u0101c\u012bbas\/ instrukt\u0101\u017eas MK. not. Nr.660, 238, u.c saisto\u0161ie normat\u012bvie akti) Pa\u0161vald\u012bb\u0101m pied\u0101v\u0101jam izstr\u0101d\u0101t pa\u0161vald\u012bbu civilo aizsardz\u012bbas pl\u0101nu atbilsto\u0161i MK noteikumiem Nr. 658, u.c. saisto\u0161ajiem normat\u012bvajiem<br \/>\naktiem)<\/td>\n<\/tr>\n<tr>\n<td width=\"189\"><strong>SIA RM autoserviss (Re\u0123. Nr.: 40203114932)<br \/>\n<\/strong><strong>\u00a0<\/strong>Adrese: Al\u016bksnes nov., Alsvi\u0137u pag., Strauti\u0146i, \"Vi\u013c\u0146i\" - 6, LV-4333<br \/>\nKontakti<br \/>\nTelefons: 25578060<br \/>\ne-pasts:\u00a0 <a href=\"mailto:rinaldsmoriitis@inbox.lv\">rinaldsmoriitis@inbox.lv<\/a><\/p>\n<p>&nbsp;<\/p>\n<\/td>\n<td width=\"415\"><strong>Pakalpojumi<\/strong><\/p>\n<p>1.\u00a0\u00a0\u00a0\u00a0\u00a0\u00a0\u00a0\u00a0 E\u013c\u013cas un filtru mai\u0146u;<\/p>\n<p>2.\u00a0\u00a0\u00a0\u00a0\u00a0\u00a0\u00a0\u00a0 Rito\u0161\u0101s da\u013cas remontu;<\/p>\n<p>3.\u00a0\u00a0\u00a0\u00a0\u00a0\u00a0\u00a0\u00a0 Sailentbloku, lodbalstu, st\u016bres pirkstu, sviru mai\u0146u;<\/p>\n<p>4.\u00a0\u00a0\u00a0\u00a0\u00a0\u00a0\u00a0\u00a0 Siksnu, zobsiksnu mai\u0146u, gult\u0146u, bl\u012bvsligu mai\u0146u, dzin\u0113ju galvas un citu bl\u012bvju mai\u0146a;<\/p>\n<p>5.\u00a0\u00a0\u00a0\u00a0\u00a0\u00a0\u00a0\u00a0 Saj\u016bga remonts un mai\u0146a;<\/p>\n<p>6.\u00a0\u00a0\u00a0\u00a0\u00a0\u00a0\u00a0\u00a0 Brem\u017eu sist\u0113mas remonts;<\/p>\n<p>7.\u00a0\u00a0\u00a0\u00a0\u00a0\u00a0\u00a0\u00a0 Brem\u017eu suportu remonts, brem\u017eu sist\u0113mas izgatavo\u0161ana, un uzst\u0101d\u012b\u0161ana.<\/p>\n<p>8.\u00a0\u00a0\u00a0\u00a0\u00a0\u00a0\u00a0\u00a0 Brem\u017eu sist\u0113mas mai\u0146a, Cilindru, brem\u017eu mai\u0146a.<\/p>\n<p>9.\u00a0\u00a0\u00a0\u00a0\u00a0\u00a0\u00a0\u00a0 Brem\u017eu \u0161\u0137idruma mai\u0146a;<\/p>\n<p>10.\u00a0\u00a0\u00a0\u00a0\u00a0\u00a0 Izp\u016bt\u0113ju remonts;<\/p>\n<p>11.\u00a0\u00a0\u00a0\u00a0\u00a0\u00a0 Stiklu un durvju mai\u0146a;<\/p>\n<p>12.\u00a0\u00a0\u00a0\u00a0\u00a0\u00a0 Starteru, \u0123eneratoru remonts.<\/p>\n<\/td>\n<\/tr>\n<\/tbody>\n<\/table>\n<\/div>\n<\/div>\n<\/div><\/div><\/div><div id=\"pgc-824-0-1\"  class=\"panel-grid-cell\" >\t\t<style type=\"text\/css\">\n\t\t\t#accordeconck1 { margin:0;padding:0; }\n#accordeconck1 .accordeonck_desc { display:block; }\n#accordeconck1 li.accordeonck { list-style: none;overflow: hidden; margin: 0;}\n#accordeconck1 ul[class^=\"content\"] { margin:0;padding:0;width:auto; }\n#accordeconck1 li.accordeonck > span { position: relative; display: block; }\n#accordeconck1 li.accordeonck.parent > span { padding-right: 20px;}\n#accordeconck1 li.parent > span span.toggler_icon { position: absolute; cursor: pointer; display: block; height: 100%; z-index: 10;right:0; background: url(https:\/\/aluksne.lv\/wp-content\/plugins\/accordeon-menu-ck\/images\/plus.png) center center no-repeat !important;width: 20px;}\n#accordeconck1 li.parent.open > span span.toggler_icon { right:0; background: url(https:\/\/aluksne.lv\/wp-content\/plugins\/accordeon-menu-ck\/images\/minus.png) center center no-repeat !important;}\n#accordeconck1 li.accordeonck.level2 > span { }\n#accordeconck1 li.level3 li.accordeonck > span { }\n#accordeconck1 a.accordeonck { display: block;text-decoration: none; }\n#accordeconck1 a.accordeonck:hover { text-decoration: none; }\n#accordeconck1 li.parent > span a { display: block;outline: none; }\n#accordeconck1 li.parent.open > span a {  }\n#accordeconck1 li.level2.parent > span span.toggler_icon { right:0;display: block;outline: none;background: url(https:\/\/aluksne.lv\/wp-content\/plugins\/accordeon-menu-ck\/images\/plus.png) center center no-repeat !important; }\n#accordeconck1 li.level2.parent.open > span span.toggler_icon { background: url(https:\/\/aluksne.lv\/wp-content\/plugins\/accordeon-menu-ck\/images\/minus.png) center center no-repeat !important; }\n#accordeconck1 li.level2 li.accordeonck.parent > span span.toggler_icon { right:0;display: block;outline: none;background: url(https:\/\/aluksne.lv\/wp-content\/plugins\/accordeon-menu-ck\/images\/plus.png) center center no-repeat !important; }\n#accordeconck1 li.level2 li.accordeonck.open.parent > span span.toggler_icon { background: url(https:\/\/aluksne.lv\/wp-content\/plugins\/accordeon-menu-ck\/images\/minus.png) center center no-repeat !important; }\n#accordeconck1  {\n\tbackground: #86C2DB;\n\tbackground-size: auto;\tbackground-image: -o-linear-gradient(center top,#86C2DB, #86C2DB 100%);\n\tbackground-image: -webkit-gradient(linear, left top, left bottom,from(#86C2DB), color-stop(100%, #86C2DB));\n\tbackground-image: -moz-linear-gradient(center top,#86C2DB, #86C2DB 100%);\n\tbackground-image: linear-gradient(to bottom,#86C2DB, #86C2DB 100%);\n\tborder-top: none;\n\tborder-bottom: none;\n\tborder-left: none;\n\tborder-right: none;\n\tpadding-top: 5px;\n\tpadding-right: 5px;\n\tpadding-bottom: 5px;\n\tpadding-left: 5px;\n\tfont-family: ;\n}\n\n#accordeconck1  a {\n\tfont-family: ;\n}\n\n#accordeconck1 li.level1 > span a {\n\tcolor: #FFFFFF;\n\tpadding-top: 5px;\n\tpadding-right: 5px;\n\tpadding-bottom: 5px;\n\tpadding-left: 5px;\n\tfont-size: 15px;\n}\n\n#accordeconck1 li.level1 > span a a {\n\tcolor: #FFFFFF;\n\tfont-size: 15px;\n}\n\n#accordeconck1 li.level1 > span .accordeonck_desc {\n\tfont-size: 10px;\n}\n\n#accordeconck1 li.level1 > span .accordeonck_desc a {\n\tfont-size: 10px;\n}\n\n#accordeconck1 li.level1:hover > span a {\n\tcolor: #000000;\n}\n\n#accordeconck1 li.level1:hover > span a a {\n\tcolor: #000000;\n}\n\n#accordeconck1 li.level1 > ul {\n\tbackground-size: auto;\tfont-family: ;\n}\n\n#accordeconck1 li.level1 > ul a {\n\tfont-family: ;\n}\n\n#accordeconck1 li.level2 > span a {\n\tcolor: #636363;\n\tpadding-top: 5px;\n\tpadding-bottom: 5px;\n\tpadding-left: 15px;\n}\n\n#accordeconck1 li.level2 > span a a {\n\tcolor: #636363;\n}\n\n#accordeconck1 li.level2:hover > span a {\n\tcolor: #000000;\n}\n\n#accordeconck1 li.level2:hover > span a a {\n\tcolor: #000000;\n}\n\n#accordeconck1 li.level2 ul[class^=\"content\"] {\n\tbackground-size: auto;\tfont-family: ;\n}\n\n#accordeconck1 li.level2 ul[class^=\"content\"] a {\n\tfont-family: ;\n}\n\n#accordeconck1 li.level2 li.accordeonck > span a {\n\tcolor: #636363;\n\tpadding-top: 2px;\n\tpadding-bottom: 2px;\n\tpadding-left: 20px;\n}\n\n#accordeconck1 li.level2 li.accordeonck > span a a {\n\tcolor: #636363;\n}\n\n#accordeconck1 li.level2 li.accordeonck:hover > span a {\n\tcolor: #000000;\n}\n\n#accordeconck1 li.level2 li.accordeonck:hover > span a a {\n\tcolor: #000000;\n}\t\t<\/style>\n\t\t<div id=\"panel-824-0-1-0\" class=\"so-panel widget widget_accordeon-menu-ck panel-first-child panel-last-child\" data-index=\"1\" ><ul id=\"accordeconck1\" class=\"menu\"><li id=\"menu-item-3330\" class=\"menu-item menu-item-type-post_type menu-item-object-page accordeonck menu-item-3330 level1\"><span class=\"accordeonck_outer \"><a href=\"https:\/\/aluksne.lv\/index.php\/uznemejdarbiba\/informacija-par-uznemejiem\/apdrosinasana\/\" class=\"accordeonck\">Apdro\u0161in\u0101\u0161ana<\/a><\/span><\/li>\n<li id=\"menu-item-1789\" class=\"menu-item menu-item-type-post_type menu-item-object-page accordeonck menu-item-1789 level1\"><span class=\"accordeonck_outer \"><a href=\"https:\/\/aluksne.lv\/index.php\/uznemejdarbiba\/informacija-par-uznemejiem\/celtnieciba\/\" class=\"accordeonck\">Celtniec\u012bba, energopakalpojumi<\/a><\/span><\/li>\n<li id=\"menu-item-3346\" class=\"menu-item menu-item-type-post_type menu-item-object-page accordeonck menu-item-3346 level1\"><span class=\"accordeonck_outer \"><a href=\"https:\/\/aluksne.lv\/index.php\/uznemejdarbiba\/informacija-par-uznemejiem\/dizains\/\" class=\"accordeonck\">Dizains<\/a><\/span><\/li>\n<li id=\"menu-item-3118\" class=\"menu-item menu-item-type-post_type menu-item-object-page accordeonck menu-item-3118 level1\"><span class=\"accordeonck_outer \"><a href=\"https:\/\/aluksne.lv\/index.php\/uznemejdarbiba\/edinasanas-pakalpojumi\/\" class=\"accordeonck\">\u0112din\u0101\u0161anas pakalpojumi<\/a><\/span><\/li>\n<li id=\"menu-item-3818\" class=\"menu-item menu-item-type-post_type menu-item-object-page accordeonck menu-item-3818 level1\"><span class=\"accordeonck_outer \"><a href=\"https:\/\/aluksne.lv\/index.php\/uznemejdarbiba\/informacija-par-uznemejiem\/galdnieciba\/\" class=\"accordeonck\">Galdniec\u012bba<\/a><\/span><\/li>\n<li id=\"menu-item-1791\" class=\"menu-item menu-item-type-post_type menu-item-object-page accordeonck menu-item-1791 level1\"><span class=\"accordeonck_outer \"><a href=\"https:\/\/aluksne.lv\/index.php\/uznemejdarbiba\/informacija-par-uznemejiem\/izglitibas-pakalpojumi\/\" class=\"accordeonck\">Izgl\u012bt\u012bbas pakalpojumi<\/a><\/span><\/li>\n<li id=\"menu-item-1787\" class=\"menu-item menu-item-type-post_type menu-item-object-page accordeonck menu-item-1787 level1\"><span class=\"accordeonck_outer \"><a href=\"https:\/\/aluksne.lv\/index.php\/uznemejdarbiba\/informacija-par-uznemejiem\/kokapstrade\/\" class=\"accordeonck\">Kokapstr\u0101de<\/a><\/span><\/li>\n<li id=\"menu-item-1786\" class=\"menu-item menu-item-type-post_type menu-item-object-page accordeonck menu-item-1786 level1\"><span class=\"accordeonck_outer \"><a href=\"https:\/\/aluksne.lv\/index.php\/uznemejdarbiba\/informacija-par-uznemejiem\/lauksaimnieciba\/\" class=\"accordeonck\">Lauksaimniec\u012bba<\/a><\/span><\/li>\n<li id=\"menu-item-1794\" class=\"menu-item menu-item-type-post_type menu-item-object-page accordeonck menu-item-1794 level1\"><span class=\"accordeonck_outer \"><a href=\"https:\/\/aluksne.lv\/index.php\/uznemejdarbiba\/informacija-par-uznemejiem\/majrazotaji\/\" class=\"accordeonck\">M\u0101jra\u017eot\u0101ji<\/a><\/span><\/li>\n<li id=\"menu-item-3842\" class=\"menu-item menu-item-type-post_type menu-item-object-page accordeonck menu-item-3842 level1\"><span class=\"accordeonck_outer \"><a href=\"https:\/\/aluksne.lv\/index.php\/uznemejdarbiba\/informacija-par-uznemejiem\/3834-2\/\" class=\"accordeonck\">Met\u0101lapstr\u0101de<\/a><\/span><\/li>\n<li id=\"menu-item-3205\" class=\"menu-item menu-item-type-post_type menu-item-object-page accordeonck menu-item-3205 level1\"><span class=\"accordeonck_outer \"><a href=\"https:\/\/aluksne.lv\/index.php\/uznemejdarbiba\/informacija-par-uznemejiem\/naktsmitnes\/\" class=\"accordeonck\">Naktsm\u012btnes<\/a><\/span><\/li>\n<li id=\"menu-item-3809\" class=\"menu-item menu-item-type-post_type menu-item-object-page accordeonck menu-item-3809 level1\"><span class=\"accordeonck_outer \"><a href=\"https:\/\/aluksne.lv\/index.php\/uznemejdarbiba\/informacija-par-uznemejiem\/partika-2\/\" class=\"accordeonck\">P\u0101rtika<\/a><\/span><\/li>\n<li id=\"menu-item-1788\" class=\"menu-item menu-item-type-post_type menu-item-object-page accordeonck menu-item-1788 level1\"><span class=\"accordeonck_outer \"><a href=\"https:\/\/aluksne.lv\/index.php\/uznemejdarbiba\/informacija-par-uznemejiem\/transports-parvadajumi\/\" class=\"accordeonck\">Transports, p\u0101rvad\u0101jumi<\/a><\/span><\/li>\n<li id=\"menu-item-1793\" class=\"menu-item menu-item-type-post_type menu-item-object-page accordeonck menu-item-1793 level1\"><span class=\"accordeonck_outer \"><a href=\"https:\/\/aluksne.lv\/index.php\/uznemejdarbiba\/informacija-par-uznemejiem\/tirdznieciba\/\" class=\"accordeonck\">Tirdzniec\u012bba<\/a><\/span><\/li>\n<li id=\"menu-item-1792\" class=\"menu-item menu-item-type-post_type menu-item-object-page accordeonck menu-item-1792 level1\"><span class=\"accordeonck_outer \"><a href=\"https:\/\/aluksne.lv\/index.php\/uznemejdarbiba\/informacija-par-uznemejiem\/veseliba-un-skaistumkopsana\/\" class=\"accordeonck\">Vesel\u012bba un skaistumkop\u0161ana<\/a><\/span><\/li>\n<li id=\"menu-item-1795\" class=\"menu-item menu-item-type-post_type menu-item-object-page accordeonck menu-item-1795 level1\"><span class=\"accordeonck_outer \"><a href=\"https:\/\/aluksne.lv\/index.php\/uznemejdarbiba\/informacija-par-uznemejiem\/citi\/\" class=\"accordeonck\">Citi<\/a><\/span><\/li>\n<\/ul>\t\t<script type=\"text\/javascript\"> <!--\n\t\t\n\t\t\tjQuery(document).ready(function(){\n\t\t\t\tjQuery('#accordeconck1').accordeonmenuck({eventtype : 'click',transition : 'linear',showactive : '1',showactivesubmenu : '0',duree : 500});\n\t\t\t}); \t\t\/\/--> <\/script>\n\t\t<\/div><\/div><\/div><\/div>","protected":false},"excerpt":{"rendered":"<p>&nbsp; SIA DAS PAKALPOJUMI Adrese: Valdlau\u010du iela 5- 350, R\u012bga, LV-1076 Kontakti e-pasts: info@dasp.lv m\u0101jaslapa: www.dasp.lv www.facebook.com\/dasp.lv\/\u00a0 Pakalpojumi: Uz\u0146\u0113mumiem pied\u0101v\u0101jam izstr\u0101d\u0101t darba aizsardz\u012bbas\/ ugunsdro\u0161\u012bbas dokument\u0101ciju. (Darba vides risku v\u0113rt\u0113jumi, prevent\u012bvo pas\u0101kumu pl\u0101nu izstr\u0101de, oblig\u0101to vesel\u012bbas p\u0101rbau\u017eu organiz\u0113\u0161ana, nodarbin\u0101to apm\u0101c\u012bbas\/ instrukt\u0101\u017eas&#8230;<br \/><a class=\"read-more-button\" href=\"https:\/\/aluksne.lv\/index.php\/uznemejdarbiba\/informacija-par-uznemejiem\/citi\/\">Las\u012bt visu<\/a><\/p>\n","protected":false},"author":1,"featured_media":0,"parent":471,"menu_order":0,"comment_status":"closed","ping_status":"closed","template":"","meta":{"_crdt_document":"","_monsterinsights_skip_tracking":false,"_monsterinsights_sitenote_active":false,"_monsterinsights_sitenote_note":"","_monsterinsights_sitenote_category":0,"footnotes":"","_links_to":"","_links_to_target":""},"class_list":["post-824","page","type-page","status-publish","hentry"],"_links":{"self":[{"href":"https:\/\/aluksne.lv\/index.php\/wp-json\/wp\/v2\/pages\/824","targetHints":{"allow":["GET"]}}],"collection":[{"href":"https:\/\/aluksne.lv\/index.php\/wp-json\/wp\/v2\/pages"}],"about":[{"href":"https:\/\/aluksne.lv\/index.php\/wp-json\/wp\/v2\/types\/page"}],"author":[{"embeddable":true,"href":"https:\/\/aluksne.lv\/index.php\/wp-json\/wp\/v2\/users\/1"}],"replies":[{"embeddable":true,"href":"https:\/\/aluksne.lv\/index.php\/wp-json\/wp\/v2\/comments?post=824"}],"version-history":[{"count":0,"href":"https:\/\/aluksne.lv\/index.php\/wp-json\/wp\/v2\/pages\/824\/revisions"}],"up":[{"embeddable":true,"href":"https:\/\/aluksne.lv\/index.php\/wp-json\/wp\/v2\/pages\/471"}],"wp:attachment":[{"href":"https:\/\/aluksne.lv\/index.php\/wp-json\/wp\/v2\/media?parent=824"}],"curies":[{"name":"wp","href":"https:\/\/api.w.org\/{rel}","templated":true}]}}