{"id":8714,"date":"2018-12-10T13:01:10","date_gmt":"2018-12-10T11:01:10","guid":{"rendered":"http:\/\/aluksne.lv\/?page_id=8714"},"modified":"2021-08-25T11:24:48","modified_gmt":"2021-08-25T08:24:48","slug":"lokalplanojuma-nekustamajam-ipasumam-jankalna-iela-17a-aluksne-aluksnes-novada-pirmas-redakcijas-publiska","status":"publish","type":"page","link":"https:\/\/aluksne.lv\/index.php\/sabiedriba\/sabiedribas-lidzdaliba\/noslegusas-sabiedriskas-apspriesanas\/lokalplanojuma-nekustamajam-ipasumam-jankalna-iela-17a-aluksne-aluksnes-novada-pirmas-redakcijas-publiska\/","title":{"rendered":"Lok\u0101lpl\u0101nojuma nekustamajam \u012bpa\u0161umam J\u0101\u0146kalna iel\u0101 17A, Al\u016bksn\u0113, Al\u016bksnes novad\u0101, pirm\u0101s redakcijas publiska apsprie\u0161ana"},"content":{"rendered":"<p>Al\u016bksnes novada dome 2018. gada 4. septembra s\u0113d\u0113 pie\u0146\u0113ma l\u0113mumu Nr.\u00a0323 \u201cPar lok\u0101lpl\u0101nojuma nekustamajam \u012bpa\u0161umam J\u0101\u0146kalna iela 17A, Al\u016bksne, Al\u016bksnes novads, pirm\u0101s redakcijas nodo\u0161anu publiskai apsprie\u0161anai un instit\u016bciju atzinumu sa\u0146em\u0161anai\u201d.<\/p>\n<p>Publisk\u0101s apsprie\u0161an\u0101s termi\u0146\u0161 noteikts no \u0161\u0101 gada <strong>10.\u00a0septembra l\u012bdz 19.\u00a0oktobrim.<\/strong><\/p>\n<p>Lok\u0101lpl\u0101nojuma pirm\u0101 redakcija pieejama zem\u0101k pievienotajos failos,\u00a0 Al\u016bksnes novada pa\u0161vald\u012bbas administrat\u012bv\u0101s \u0113kas (D\u0101rza iel\u0101\u00a011, Al\u016bksn\u0113) 202.\u00a0kabinet\u0101, no pirmdienas l\u012bdz ceturtdienai plkst.\u00a08:00-17:00 un piektdien\u0101s plkst.\u00a08:00-16:30, un Valsts vienot\u0101s \u0123eotelpisk\u0101s inform\u0101cijas port\u0101l\u0101 <em>www.geolatvija.lv<\/em>.<\/p>\n<p>Uz\u0146\u0113m\u0113jdarb\u012bbas atbalsta centra telp\u0101s (Al\u016bksnes Kult\u016bras centr\u0101, Br\u016b\u017ea iel\u0101\u00a07, Al\u016bksn\u0113, 2.\u00a0st\u0101v\u0101) <strong>9.\u00a0oktobr\u012b plkst.\u00a017:30 <\/strong>notiks publisk\u0101s apsprie\u0161an\u0101s san\u0101ksme.<\/p>\n<p>Rakstiskus priek\u0161likumus un koment\u0101rus par lok\u0101lpl\u0101nojuma pirmo redakciju var iesniegt person\u012bgi vai pa pastu l\u012bdz 2018.\u00a0gada 19.\u00a0oktobrim (pasta z\u012bmogs) Al\u016bksnes novada pa\u0161vald\u012bbas kancelej\u0101: D\u0101rza iela\u00a011, Al\u016bksne, Al\u016bksnes novads, LV-4301, k\u0101 ar\u012b elektroniski uz e-pasta adresi: <em>dome@aluksne.lv<\/em>, Fiziskaj\u0101m person\u0101m j\u0101nor\u0101da savs v\u0101rds, uzv\u0101rds, adrese, juridisk\u0101 person\u0101m \u2013 nosaukums, re\u0123istr\u0101cijas dati, adrese.<\/p>\n<p>Pielikumi:<\/p>\n<ol>\n<li><a href=\"http:\/\/aluksne.lv\/wp-content\/uploads\/2018\/09\/Paskaidrojuma_raksts_Jankalna_17A.pdf\">Paskaidrojuma raksts<\/a><\/li>\n<li><a href=\"http:\/\/aluksne.lv\/wp-content\/uploads\/2018\/09\/Graf_dala_Jankalna_17A.pdf\">Grafisk\u0101 da\u013ca<\/a><\/li>\n<li><a href=\"http:\/\/aluksne.lv\/wp-content\/uploads\/2018\/09\/Terit_izmanto\u0161_un_apb_noteik_Jankalna_17A.pdf\">Teritorijas izmanto\u0161anas un apb\u016bves noteikumi<\/a><\/li>\n<li><a href=\"http:\/\/aluksne.lv\/wp-content\/uploads\/2018\/09\/Kopsavilkums_Jankalna_17A.pdf\">Kopsavilkums par lok\u0101lpl\u0101nojuma izstr\u0101di<\/a><\/li>\n<\/ol>\n","protected":false},"excerpt":{"rendered":"<p>Al\u016bksnes novada dome 2018. gada 4. septembra s\u0113d\u0113 pie\u0146\u0113ma l\u0113mumu Nr.\u00a0323 \u201cPar lok\u0101lpl\u0101nojuma nekustamajam \u012bpa\u0161umam J\u0101\u0146kalna iela 17A, Al\u016bksne, Al\u016bksnes novads, pirm\u0101s redakcijas nodo\u0161anu publiskai apsprie\u0161anai un instit\u016bciju atzinumu sa\u0146em\u0161anai\u201d. Publisk\u0101s apsprie\u0161an\u0101s termi\u0146\u0161 noteikts no \u0161\u0101 gada 10.\u00a0septembra l\u012bdz 19.\u00a0oktobrim&#8230;.<br \/><a class=\"read-more-button\" href=\"https:\/\/aluksne.lv\/index.php\/sabiedriba\/sabiedribas-lidzdaliba\/noslegusas-sabiedriskas-apspriesanas\/lokalplanojuma-nekustamajam-ipasumam-jankalna-iela-17a-aluksne-aluksnes-novada-pirmas-redakcijas-publiska\/\">Las\u012bt visu<\/a><\/p>\n","protected":false},"author":1,"featured_media":0,"parent":10501,"menu_order":0,"comment_status":"closed","ping_status":"closed","template":"","meta":{"_crdt_document":"","_monsterinsights_skip_tracking":false,"_monsterinsights_sitenote_active":false,"_monsterinsights_sitenote_note":"","_monsterinsights_sitenote_category":0,"footnotes":"","_links_to":"","_links_to_target":""},"class_list":["post-8714","page","type-page","status-publish","hentry"],"_links":{"self":[{"href":"https:\/\/aluksne.lv\/index.php\/wp-json\/wp\/v2\/pages\/8714","targetHints":{"allow":["GET"]}}],"collection":[{"href":"https:\/\/aluksne.lv\/index.php\/wp-json\/wp\/v2\/pages"}],"about":[{"href":"https:\/\/aluksne.lv\/index.php\/wp-json\/wp\/v2\/types\/page"}],"author":[{"embeddable":true,"href":"https:\/\/aluksne.lv\/index.php\/wp-json\/wp\/v2\/users\/1"}],"replies":[{"embeddable":true,"href":"https:\/\/aluksne.lv\/index.php\/wp-json\/wp\/v2\/comments?post=8714"}],"version-history":[{"count":0,"href":"https:\/\/aluksne.lv\/index.php\/wp-json\/wp\/v2\/pages\/8714\/revisions"}],"up":[{"embeddable":true,"href":"https:\/\/aluksne.lv\/index.php\/wp-json\/wp\/v2\/pages\/10501"}],"wp:attachment":[{"href":"https:\/\/aluksne.lv\/index.php\/wp-json\/wp\/v2\/media?parent=8714"}],"curies":[{"name":"wp","href":"https:\/\/api.w.org\/{rel}","templated":true}]}}